{"id":7609,"date":"2020-11-06T14:07:01","date_gmt":"2020-11-06T14:07:01","guid":{"rendered":"https:\/\/the7.io\/elementor-main\/?page_id=7609"},"modified":"2026-01-20T10:27:02","modified_gmt":"2026-01-20T02:27:02","slug":"about-1","status":"publish","type":"page","link":"https:\/\/www.oceanshoes.com\/de\/etwa-1\/","title":{"rendered":"\u00dcber"},"content":{"rendered":"<div data-elementor-type=\"wp-page\" data-elementor-id=\"7609\" class=\"elementor elementor-7609\" data-elementor-post-type=\"page\">\n\t\t\t\t\t\t<section class=\"elementor-section elementor-top-section elementor-element elementor-element-583786c elementor-reverse-tablet elementor-reverse-mobile elementor-section-height-min-height elementor-section-items-stretch elementor-section-boxed elementor-section-height-default\" data-id=\"583786c\" data-element_type=\"section\" data-settings=\"{&quot;background_background&quot;:&quot;gradient&quot;}\">\n\t\t\t\t\t\t\t<div class=\"elementor-background-overlay\"><\/div>\n\t\t\t\t\t\t\t<div class=\"elementor-container elementor-column-gap-wider\">\n\t\t\t\t\t<div class=\"elementor-column elementor-col-100 elementor-top-column elementor-element elementor-element-a969fa0\" data-id=\"a969fa0\" data-element_type=\"column\">\n\t\t\t<div class=\"elementor-widget-wrap elementor-element-populated\">\n\t\t\t\t\t\t<div class=\"elementor-element elementor-element-ab8d00b elementor-widget elementor-widget-the7-heading\" data-id=\"ab8d00b\" data-element_type=\"widget\" data-widget_type=\"the7-heading.default\">\n\t\t\t\t<div class=\"elementor-widget-container\">\n\t\t\t<h2 class=\"the7-heading-title elementor-size-default\">\u00dcber uns<\/h2>\t\t<\/div>\n\t\t\t\t<\/div>\n\t\t\t\t\t<\/div>\n\t\t<\/div>\n\t\t\t\t\t<\/div>\n\t\t<\/section>\n\t\t\t\t<section class=\"elementor-section elementor-top-section elementor-element elementor-element-0627998 elementor-reverse-tablet elementor-reverse-mobile elementor-section-boxed elementor-section-height-default elementor-section-height-default\" data-id=\"0627998\" data-element_type=\"section\" data-settings=\"{&quot;background_background&quot;:&quot;classic&quot;}\">\n\t\t\t\t\t\t<div class=\"elementor-container elementor-column-gap-wider\">\n\t\t\t\t\t<div class=\"elementor-column elementor-col-50 elementor-top-column elementor-element elementor-element-24e2e60\" data-id=\"24e2e60\" data-element_type=\"column\">\n\t\t\t<div class=\"elementor-widget-wrap elementor-element-populated\">\n\t\t\t\t\t\t<div class=\"elementor-element elementor-element-91a96d6 content-align-left elementor-invisible elementor-widget elementor-widget-the7-image-widget\" data-id=\"91a96d6\" data-element_type=\"widget\" data-settings=\"{&quot;_animation&quot;:&quot;slideInLeft&quot;}\" data-widget_type=\"the7-image-widget.default\">\n\t\t\t\t<div class=\"elementor-widget-container\">\n\t\t\t<div class=\"the7-image-container\"><div class=\"the7-image-wrapper the7-elementor-widget\"><div class=\"post-thumbnail-rollover layzr-bg img-css-resize-wrapper\"><img fetchpriority=\"high\" decoding=\"async\" width=\"1080\" height=\"1440\" src=\"data:image\/svg+xml,%3Csvg%20xmlns%3D&#039;http%3A%2F%2Fwww.w3.org%2F2000%2Fsvg&#039;%20viewBox%3D&#039;0%200%201080%201440&#039;%2F%3E\" class=\"attachment-full size-full preload-me aspect lazy lazy-load\" alt=\"\" sizes=\"(max-width: 1080px) 100vw, 1080px\" style=\"--ratio: 1080 \/ 1440;\" data-src=\"https:\/\/www.oceanshoes.com\/wp-content\/uploads\/2023\/07\/No.7.jpg\" loading=\"eager\" data-srcset=\"https:\/\/www.oceanshoes.com\/wp-content\/uploads\/2023\/07\/No.7.jpg 1080w, https:\/\/www.oceanshoes.com\/wp-content\/uploads\/2023\/07\/No.7-225x300.jpg 225w, https:\/\/www.oceanshoes.com\/wp-content\/uploads\/2023\/07\/No.7-768x1024.jpg 768w\" \/><span class=\"the7-hover-icon\"><\/span><\/div><\/div><\/div>\t\t<\/div>\n\t\t\t\t<\/div>\n\t\t\t\t\t<\/div>\n\t\t<\/div>\n\t\t\t\t<div class=\"elementor-column elementor-col-50 elementor-top-column elementor-element elementor-element-e524aaa\" data-id=\"e524aaa\" data-element_type=\"column\">\n\t\t\t<div class=\"elementor-widget-wrap elementor-element-populated\">\n\t\t\t\t\t\t<div class=\"elementor-element elementor-element-50837e4 elementor-widget elementor-widget-heading\" data-id=\"50837e4\" data-element_type=\"widget\" data-widget_type=\"heading.default\">\n\t\t\t\t<div class=\"elementor-widget-container\">\n\t\t\t<h6 class=\"elementor-heading-title elementor-size-default\">Unser Unternehmen wurde 1998 in Xiamen City gegr\u00fcndet.<\/h6>\t\t<\/div>\n\t\t\t\t<\/div>\n\t\t\t\t<div class=\"elementor-element elementor-element-fa02129 elementor-widget elementor-widget-spacer\" data-id=\"fa02129\" data-element_type=\"widget\" data-widget_type=\"spacer.default\">\n\t\t\t\t<div class=\"elementor-widget-container\">\n\t\t\t\t\t<div class=\"elementor-spacer\">\n\t\t\t<div class=\"elementor-spacer-inner\"><\/div>\n\t\t<\/div>\n\t\t\t\t<\/div>\n\t\t\t\t<\/div>\n\t\t\t\t<div class=\"elementor-element elementor-element-de7ccee elementor-invisible elementor-widget elementor-widget-text-editor\" data-id=\"de7ccee\" data-element_type=\"widget\" data-settings=\"{&quot;_animation&quot;:&quot;fadeInDown&quot;}\" data-widget_type=\"text-editor.default\">\n\t\t\t\t<div class=\"elementor-widget-container\">\n\t\t\t\t\t\t\t<p>\u00a0 \u00a0 \u00a0Es ist einer der professionellsten Exporteure von Schuhen in China und verf\u00fcgt \u00fcber den gr\u00f6\u00dften Ausstellungsraum (2000m<sup>2<\/sup>Wir haben etwa einhundertsechzig Mitarbeiter in unserem B\u00fcro und exportieren im Jahr 2025 8 Millionen Paar Schuhe an unsere Kunden in der ganzen Welt.<\/p>\t\t\t\t\t\t<\/div>\n\t\t\t\t<\/div>\n\t\t\t\t<div class=\"elementor-element elementor-element-c4b123c elementor-widget elementor-widget-spacer\" data-id=\"c4b123c\" data-element_type=\"widget\" data-widget_type=\"spacer.default\">\n\t\t\t\t<div class=\"elementor-widget-container\">\n\t\t\t\t\t<div class=\"elementor-spacer\">\n\t\t\t<div class=\"elementor-spacer-inner\"><\/div>\n\t\t<\/div>\n\t\t\t\t<\/div>\n\t\t\t\t<\/div>\n\t\t\t\t<div class=\"elementor-element elementor-element-91b3011 elementor-widget elementor-widget-text-editor\" data-id=\"91b3011\" data-element_type=\"widget\" data-widget_type=\"text-editor.default\">\n\t\t\t\t<div class=\"elementor-widget-container\">\n\t\t\t\t\t\t\t<h4>Wichtigste Produkte<\/h4>\t\t\t\t\t\t<\/div>\n\t\t\t\t<\/div>\n\t\t\t\t<div class=\"elementor-element elementor-element-577df80 elementor-invisible elementor-widget elementor-widget-text-editor\" data-id=\"577df80\" data-element_type=\"widget\" data-settings=\"{&quot;_animation&quot;:&quot;fadeInDown&quot;}\" data-widget_type=\"text-editor.default\">\n\t\t\t\t<div class=\"elementor-widget-container\">\n\t\t\t\t\t\t\t<p>\u00a0 \u00a0 \u00a0Unsere Hauptprodukte sind Sport-Freizeitschuhe, Outdoor-Wanderschuhe, Sandalen und Fu\u00dfballschuhe, vulkanisierte Schuhe und Spritzen etc. f\u00fcr Herren, Kinder und Damen.<\/p>\t\t\t\t\t\t<\/div>\n\t\t\t\t<\/div>\n\t\t\t\t<div class=\"elementor-element elementor-element-eb1cac5 elementor-widget elementor-widget-spacer\" data-id=\"eb1cac5\" data-element_type=\"widget\" data-widget_type=\"spacer.default\">\n\t\t\t\t<div class=\"elementor-widget-container\">\n\t\t\t\t\t<div class=\"elementor-spacer\">\n\t\t\t<div class=\"elementor-spacer-inner\"><\/div>\n\t\t<\/div>\n\t\t\t\t<\/div>\n\t\t\t\t<\/div>\n\t\t\t\t<div class=\"elementor-element elementor-element-d6868cd elementor-widget elementor-widget-text-editor\" data-id=\"d6868cd\" data-element_type=\"widget\" data-widget_type=\"text-editor.default\">\n\t\t\t\t<div class=\"elementor-widget-container\">\n\t\t\t\t\t\t\t<h4>Wir sind der Lieferant einiger bekannter Marken<\/h4>\t\t\t\t\t\t<\/div>\n\t\t\t\t<\/div>\n\t\t\t\t<div class=\"elementor-element elementor-element-4ce242e elementor-invisible elementor-widget elementor-widget-text-editor\" data-id=\"4ce242e\" data-element_type=\"widget\" data-settings=\"{&quot;_animation&quot;:&quot;fadeInDown&quot;}\" data-widget_type=\"text-editor.default\">\n\t\t\t\t<div class=\"elementor-widget-container\">\n\t\t\t\t\t\t\t<p>\u00a0 \u00a0 wie Benetton\/Lee Cooper\/BOSS\/DKNY\/Karl Lagerfeld\/Billieblush und so weiter.<\/p>\t\t\t\t\t\t<\/div>\n\t\t\t\t<\/div>\n\t\t\t\t<div class=\"elementor-element elementor-element-fdccf4c elementor-widget elementor-widget-spacer\" data-id=\"fdccf4c\" data-element_type=\"widget\" data-widget_type=\"spacer.default\">\n\t\t\t\t<div class=\"elementor-widget-container\">\n\t\t\t\t\t<div class=\"elementor-spacer\">\n\t\t\t<div class=\"elementor-spacer-inner\"><\/div>\n\t\t<\/div>\n\t\t\t\t<\/div>\n\t\t\t\t<\/div>\n\t\t\t\t<div class=\"elementor-element elementor-element-ad1d5a3 elementor-widget elementor-widget-text-editor\" data-id=\"ad1d5a3\" data-element_type=\"widget\" data-widget_type=\"text-editor.default\">\n\t\t\t\t<div class=\"elementor-widget-container\">\n\t\t\t\t\t\t\t<h4>Dienst<\/h4>\t\t\t\t\t\t<\/div>\n\t\t\t\t<\/div>\n\t\t\t\t<div class=\"elementor-element elementor-element-8d15c3b elementor-widget elementor-widget-text-editor\" data-id=\"8d15c3b\" data-element_type=\"widget\" data-widget_type=\"text-editor.default\">\n\t\t\t\t<div class=\"elementor-widget-container\">\n\t\t\t\t\t\t\t<p>\u00a0 \u00a0 Die Mitarbeiter in unserem B\u00fcro arbeiten hart, effizient und positiv. Unser Ziel ist es, unseren Kunden die besten Dienstleistungen und die wettbewerbsf\u00e4higsten Produkte anzubieten, um eine Win-Win-Situation zu schaffen und das Gesch\u00e4ft Saison f\u00fcr Saison als Hauptlieferant zu steigern. Wir sind sicher, dass wir eine bessere und bessere gegenseitige Unterst\u00fctzung haben werden.<\/p>\t\t\t\t\t\t<\/div>\n\t\t\t\t<\/div>\n\t\t\t\t\t<\/div>\n\t\t<\/div>\n\t\t\t\t\t<\/div>\n\t\t<\/section>\n\t\t\t\t<section class=\"elementor-section elementor-top-section elementor-element elementor-element-6a9e6d1 elementor-section-boxed elementor-section-height-default elementor-section-height-default\" data-id=\"6a9e6d1\" data-element_type=\"section\">\n\t\t\t\t\t\t<div class=\"elementor-container elementor-column-gap-wider\">\n\t\t\t\t\t<div class=\"elementor-column elementor-col-100 elementor-top-column elementor-element elementor-element-b1dccc3\" data-id=\"b1dccc3\" data-element_type=\"column\">\n\t\t\t<div class=\"elementor-widget-wrap elementor-element-populated\">\n\t\t\t\t\t\t<div class=\"elementor-element elementor-element-3026cfd elementor-widget elementor-widget-heading\" data-id=\"3026cfd\" data-element_type=\"widget\" data-widget_type=\"heading.default\">\n\t\t\t\t<div class=\"elementor-widget-container\">\n\t\t\t<h3 class=\"elementor-heading-title elementor-size-default\">Worin wir gut sind<\/h3>\t\t<\/div>\n\t\t\t\t<\/div>\n\t\t\t\t\t<\/div>\n\t\t<\/div>\n\t\t\t\t\t<\/div>\n\t\t<\/section>\n\t\t\t\t<section class=\"elementor-section elementor-top-section elementor-element elementor-element-dfb2dfe elementor-section-boxed elementor-section-height-default elementor-section-height-default\" data-id=\"dfb2dfe\" data-element_type=\"section\">\n\t\t\t\t\t\t<div class=\"elementor-container elementor-column-gap-default\">\n\t\t\t\t\t<div class=\"elementor-column elementor-col-100 elementor-top-column elementor-element elementor-element-d093b02\" data-id=\"d093b02\" data-element_type=\"column\">\n\t\t\t<div class=\"elementor-widget-wrap elementor-element-populated\">\n\t\t\t\t\t\t<div class=\"elementor-element elementor-element-82610f1 content-align-mobile-center icon-vertical-align-mobile-center content-align-left icon-box-vertical-align-top preserve-img-ratio-cover icon-vertical-align-start elementor-widget elementor-widget-the7_image_box_grid_widget\" data-id=\"82610f1\" data-element_type=\"widget\" data-widget_type=\"the7_image_box_grid_widget.default\">\n\t\t\t\t<div class=\"elementor-widget-container\">\n\t\t\t<div class=\"the7-box-grid-wrapper the7-elementor-widget loading-effect-none the7_image_box_grid_widget-82610f1\">\t\t\t<div class=\"dt-css-grid\">\n\t\t\t\t\t\t\t\t\t<div class=\"wf-cell shown\">\n\t\t\t\t\t\t<div class=\"the7-image-box-wrapper the7-box-wrapper the7-elementor-widget\">\t\t\t\t\t\t\t<div class=\"box-content-wrapper\">\n\n\t\t\t\t\t\t\t\t\t\t\t\t\t\t\t\t\t<div class=\"elementor-image-div\">\n\t\t\t\t\t\t\t\t\t\t<a class=\"post-thumbnail-rollover layzr-bg img-css-resize-wrapper\" ><img decoding=\"async\" width=\"600\" height=\"484\" src=\"data:image\/svg+xml,%3Csvg%20xmlns%3D&#039;http%3A%2F%2Fwww.w3.org%2F2000%2Fsvg&#039;%20viewBox%3D&#039;0%200%20600%20484&#039;%2F%3E\" class=\"attachment-full size-full preload-me aspect lazy lazy-load\" alt=\"\" sizes=\"(max-width: 600px) 100vw, 600px\" style=\"--ratio: 600 \/ 484;\" data-src=\"https:\/\/www.oceanshoes.com\/wp-content\/uploads\/2023\/08\/\u8bbe\u8ba1\u5e08.jpg\" loading=\"eager\" data-srcset=\"https:\/\/www.oceanshoes.com\/wp-content\/uploads\/2023\/08\/\u8bbe\u8ba1\u5e08.jpg 600w, https:\/\/www.oceanshoes.com\/wp-content\/uploads\/2023\/08\/\u8bbe\u8ba1\u5e08-300x242.jpg 300w, https:\/\/www.oceanshoes.com\/wp-content\/uploads\/2023\/08\/\u8bbe\u8ba1\u5e08-15x12.jpg 15w\" \/><\/a>\t\t\t\t\t\t\t\t\t<\/div>\n\t\t\t\t\t\t\t\t\t\t\t\t\t\t\t\t<div class=\"box-content\">\n\t\t\t\t\t\t\t\t\t<h4 class=\"box-heading\"><a >Gestaltung<\/a><\/h4><div class=\"box-description\">Die neuen Kollektionen werden alle von unseren eigenen Designern entworfen und haben einen einzigartigen Stil, den es bei anderen Anbietern nicht gibt. Unsere Designer suchen und sammeln jede Saison die Inspiration und die neuesten Produkte aus der ganzen Welt. Wir machen auch Proben nach den Kunden 'Design und Proben<\/div>\t\t\t\t\t\t\t\t<\/div>\n\t\t\t\t\t\t\t<\/div>\n\t\t\t\t\t\t<\/div>\t\t\t\t\t<\/div>\n\t\t\t\t\t\t\t\t\t\t<div class=\"wf-cell shown\">\n\t\t\t\t\t\t<div class=\"the7-image-box-wrapper the7-box-wrapper the7-elementor-widget\">\t\t\t\t\t\t\t<div class=\"box-content-wrapper\">\n\n\t\t\t\t\t\t\t\t\t\t\t\t\t\t\t\t\t<div class=\"elementor-image-div\">\n\t\t\t\t\t\t\t\t\t\t<a class=\"post-thumbnail-rollover layzr-bg img-css-resize-wrapper\" ><img decoding=\"async\" width=\"641\" height=\"441\" src=\"data:image\/svg+xml,%3Csvg%20xmlns%3D&#039;http%3A%2F%2Fwww.w3.org%2F2000%2Fsvg&#039;%20viewBox%3D&#039;0%200%20641%20441&#039;%2F%3E\" class=\"attachment-full size-full preload-me aspect lazy lazy-load\" alt=\"\" sizes=\"(max-width: 641px) 100vw, 641px\" style=\"--ratio: 641 \/ 441;\" data-src=\"https:\/\/www.oceanshoes.com\/wp-content\/uploads\/2023\/07\/KB-1.jpg\" loading=\"eager\" data-srcset=\"https:\/\/www.oceanshoes.com\/wp-content\/uploads\/2023\/07\/KB-1.jpg 641w, https:\/\/www.oceanshoes.com\/wp-content\/uploads\/2023\/07\/KB-1-300x206.jpg 300w\" \/><\/a>\t\t\t\t\t\t\t\t\t<\/div>\n\t\t\t\t\t\t\t\t\t\t\t\t\t\t\t\t<div class=\"box-content\">\n\t\t\t\t\t\t\t\t\t<h4 class=\"box-heading\"><a >Mustererstellung<\/a><\/h4><div class=\"box-description\">Unser Forschungs- und Entwicklungsteam fertigt jeden Monat mehr als 1800 Paar Muster an, so dass wir in der Lage sind, dringende Muster rechtzeitig fertig zu stellen und auch die regelm\u00e4\u00dfige Aktualisierung der neuen Modelle in unserem Ausstellungsraum zu gew\u00e4hrleisten.<\/div>\t\t\t\t\t\t\t\t<\/div>\n\t\t\t\t\t\t\t<\/div>\n\t\t\t\t\t\t<\/div>\t\t\t\t\t<\/div>\n\t\t\t\t\t\t\t\t\t\t<div class=\"wf-cell shown\">\n\t\t\t\t\t\t<div class=\"the7-image-box-wrapper the7-box-wrapper the7-elementor-widget\">\t\t\t\t\t\t\t<div class=\"box-content-wrapper\">\n\n\t\t\t\t\t\t\t\t\t\t\t\t\t\t\t\t\t<div class=\"elementor-image-div\">\n\t\t\t\t\t\t\t\t\t\t<a class=\"post-thumbnail-rollover layzr-bg img-css-resize-wrapper\" ><img decoding=\"async\" width=\"768\" height=\"576\" src=\"data:image\/svg+xml,%3Csvg%20xmlns%3D&#039;http%3A%2F%2Fwww.w3.org%2F2000%2Fsvg&#039;%20viewBox%3D&#039;0%200%20768%20576&#039;%2F%3E\" class=\"attachment-full size-full preload-me aspect lazy lazy-load\" alt=\"\" sizes=\"(max-width: 768px) 100vw, 768px\" style=\"--ratio: 768 \/ 576;\" data-src=\"https:\/\/www.oceanshoes.com\/wp-content\/uploads\/2023\/07\/16-2\uff08\u6574\u978b\uff09-768x576-1.jpg\" loading=\"eager\" data-srcset=\"https:\/\/www.oceanshoes.com\/wp-content\/uploads\/2023\/07\/16-2\uff08\u6574\u978b\uff09-768x576-1.jpg 768w, https:\/\/www.oceanshoes.com\/wp-content\/uploads\/2023\/07\/16-2\uff08\u6574\u978b\uff09-768x576-1-300x225.jpg 300w\" \/><\/a>\t\t\t\t\t\t\t\t\t<\/div>\n\t\t\t\t\t\t\t\t\t\t\t\t\t\t\t\t<div class=\"box-content\">\n\t\t\t\t\t\t\t\t\t<h4 class=\"box-heading\"><a >Fabrik<\/a><\/h4><div class=\"box-description\">Wir arbeiten mit vielen Fabriken zusammen, so dass f\u00fcr jede Bestellung die am besten geeignete Fabrik ausgew\u00e4hlt werden kann, um die beste Qualit\u00e4t und den besten Liefertermin zu erreichen.<\/div>\t\t\t\t\t\t\t\t<\/div>\n\t\t\t\t\t\t\t<\/div>\n\t\t\t\t\t\t<\/div>\t\t\t\t\t<\/div>\n\t\t\t\t\t\t\t\t\t\t<div class=\"wf-cell shown\">\n\t\t\t\t\t\t<div class=\"the7-image-box-wrapper the7-box-wrapper the7-elementor-widget\">\t\t\t\t\t\t\t<div class=\"box-content-wrapper\">\n\n\t\t\t\t\t\t\t\t\t\t\t\t\t\t\t\t\t<div class=\"elementor-image-div\">\n\t\t\t\t\t\t\t\t\t\t<a class=\"post-thumbnail-rollover layzr-bg img-css-resize-wrapper\" ><img decoding=\"async\" width=\"324\" height=\"261\" src=\"data:image\/svg+xml,%3Csvg%20xmlns%3D&#039;http%3A%2F%2Fwww.w3.org%2F2000%2Fsvg&#039;%20viewBox%3D&#039;0%200%20324%20261&#039;%2F%3E\" class=\"attachment-full size-full preload-me aspect lazy lazy-load\" alt=\"\" sizes=\"(max-width: 324px) 100vw, 324px\" style=\"--ratio: 324 \/ 261;\" data-src=\"https:\/\/www.oceanshoes.com\/wp-content\/uploads\/2023\/07\/TEST-2.jpg\" loading=\"eager\" data-srcset=\"https:\/\/www.oceanshoes.com\/wp-content\/uploads\/2023\/07\/TEST-2.jpg 324w, https:\/\/www.oceanshoes.com\/wp-content\/uploads\/2023\/07\/TEST-2-300x242.jpg 300w\" \/><\/a>\t\t\t\t\t\t\t\t\t<\/div>\n\t\t\t\t\t\t\t\t\t\t\t\t\t\t\t\t<div class=\"box-content\">\n\t\t\t\t\t\t\t\t\t<h4 class=\"box-heading\"><a >Techniker und QC<\/a><\/h4><div class=\"box-description\">Wir verf\u00fcgen \u00fcber ein starkes Technik- und QC-Team in verschiedenen Bereichen, um den Produktionsstatus und die Qualit\u00e4t zu gew\u00e4hrleisten, und garantieren, dass wir die Verantwortung f\u00fcr alle Qualit\u00e4tsprobleme nach dem Versand \u00fcbernehmen.\n\n<\/div>\t\t\t\t\t\t\t\t<\/div>\n\t\t\t\t\t\t\t<\/div>\n\t\t\t\t\t\t<\/div>\t\t\t\t\t<\/div>\n\t\t\t\t\t\t\t\t<\/div>\n\t\t\t<\/div>\t\t<\/div>\n\t\t\t\t<\/div>\n\t\t\t\t\t<\/div>\n\t\t<\/div>\n\t\t\t\t\t<\/div>\n\t\t<\/section>\n\t\t\t\t<section class=\"elementor-section elementor-top-section elementor-element elementor-element-36f1ae6 elementor-section-height-min-height elementor-section-items-stretch elementor-reverse-tablet elementor-reverse-mobile elementor-section-boxed elementor-section-height-default\" data-id=\"36f1ae6\" data-element_type=\"section\" data-settings=\"{&quot;background_background&quot;:&quot;gradient&quot;}\">\n\t\t\t\t\t\t\t<div class=\"elementor-background-overlay\"><\/div>\n\t\t\t\t\t\t\t<div class=\"elementor-container elementor-column-gap-wider\">\n\t\t\t\t\t<div class=\"elementor-column elementor-col-100 elementor-top-column elementor-element elementor-element-6b85b4d\" data-id=\"6b85b4d\" data-element_type=\"column\">\n\t\t\t<div class=\"elementor-widget-wrap elementor-element-populated\">\n\t\t\t\t\t\t<div class=\"elementor-element elementor-element-aa6c17e elementor-widget__width-initial elementor-widget elementor-widget-heading\" data-id=\"aa6c17e\" data-element_type=\"widget\" data-widget_type=\"heading.default\">\n\t\t\t\t<div class=\"elementor-widget-container\">\n\t\t\t<h2 class=\"elementor-heading-title elementor-size-default\">Schlie\u00dfen Sie sich Tausenden von Gesch\u00e4ftsinhabern und Unternehmen an, die OCEAN vertrauen!<\/h2>\t\t<\/div>\n\t\t\t\t<\/div>\n\t\t\t\t<div class=\"elementor-element elementor-element-0516578 elementor-widget elementor-widget-spacer\" data-id=\"0516578\" data-element_type=\"widget\" data-widget_type=\"spacer.default\">\n\t\t\t\t<div class=\"elementor-widget-container\">\n\t\t\t\t\t<div class=\"elementor-spacer\">\n\t\t\t<div class=\"elementor-spacer-inner\"><\/div>\n\t\t<\/div>\n\t\t\t\t<\/div>\n\t\t\t\t<\/div>\n\t\t\t\t<div class=\"elementor-element elementor-element-80badc5 elementor-widget__width-auto elementor-widget-mobile__width-inherit elementor-mobile-align-center elementor-widget elementor-widget-the7_button_widget\" data-id=\"80badc5\" data-element_type=\"widget\" data-widget_type=\"the7_button_widget.default\">\n\t\t\t\t<div class=\"elementor-widget-container\">\n\t\t\t<div class=\"elementor-button-wrapper\"><a href=\"https:\/\/www.oceanshoes.com\/de\/kontakt-1\/\" class=\"box-button elementor-button elementor-size-xl\">Kontaktieren Sie uns online<\/a><\/div>\t\t<\/div>\n\t\t\t\t<\/div>\n\t\t\t\t\t<\/div>\n\t\t<\/div>\n\t\t\t\t\t<\/div>\n\t\t<\/section>\n\t\t\t\t<\/div>","protected":false},"excerpt":{"rendered":"<p>\u00dcber uns Unser Unternehmen wurde 1998 in Xiamen City gegr\u00fcndet.      Es ist einer der professionellsten Exporteure von Schuhen in China und verf\u00fcgt \u00fcber den gr\u00f6\u00dften Ausstellungsraum (2000m2) in unserem Gebiet. Wir haben etwa einhundertsechzig Mitarbeiter in unserem B\u00fcro. 8 Millionen Paar Schuhe exportieren wir an unsere Kunden in der ganzen Welt.<\/p>","protected":false},"author":1,"featured_media":0,"parent":0,"menu_order":21,"comment_status":"closed","ping_status":"closed","template":"elementor_header_footer","meta":{"footnotes":""},"class_list":["post-7609","page","type-page","status-publish","hentry"],"_links":{"self":[{"href":"https:\/\/www.oceanshoes.com\/de\/wp-json\/wp\/v2\/pages\/7609","targetHints":{"allow":["GET"]}}],"collection":[{"href":"https:\/\/www.oceanshoes.com\/de\/wp-json\/wp\/v2\/pages"}],"about":[{"href":"https:\/\/www.oceanshoes.com\/de\/wp-json\/wp\/v2\/types\/page"}],"author":[{"embeddable":true,"href":"https:\/\/www.oceanshoes.com\/de\/wp-json\/wp\/v2\/users\/1"}],"replies":[{"embeddable":true,"href":"https:\/\/www.oceanshoes.com\/de\/wp-json\/wp\/v2\/comments?post=7609"}],"version-history":[{"count":37,"href":"https:\/\/www.oceanshoes.com\/de\/wp-json\/wp\/v2\/pages\/7609\/revisions"}],"predecessor-version":[{"id":96231,"href":"https:\/\/www.oceanshoes.com\/de\/wp-json\/wp\/v2\/pages\/7609\/revisions\/96231"}],"wp:attachment":[{"href":"https:\/\/www.oceanshoes.com\/de\/wp-json\/wp\/v2\/media?parent=7609"}],"curies":[{"name":"wp","href":"https:\/\/api.w.org\/{rel}","templated":true}]}}