{"id":94003,"date":"2023-07-25T10:24:55","date_gmt":"2023-07-25T02:24:55","guid":{"rendered":"http:\/\/www.oceanshoes.com\/?page_id=94003"},"modified":"2024-04-02T15:53:17","modified_gmt":"2024-04-02T07:53:17","slug":"our-clients","status":"publish","type":"page","link":"https:\/\/www.oceanshoes.com\/de\/unsere-kunden\/","title":{"rendered":"Unsere Kunden\u00a0"},"content":{"rendered":"<div data-elementor-type=\"wp-page\" data-elementor-id=\"94003\" class=\"elementor elementor-94003\" data-elementor-post-type=\"page\">\n\t\t\t\t\t\t<section class=\"elementor-section elementor-top-section elementor-element elementor-element-702590a elementor-section-boxed elementor-section-height-default elementor-section-height-default\" data-id=\"702590a\" data-element_type=\"section\">\n\t\t\t\t\t\t<div class=\"elementor-container elementor-column-gap-default\">\n\t\t\t\t\t<div class=\"elementor-column elementor-col-100 elementor-top-column elementor-element elementor-element-e4e8f2e\" data-id=\"e4e8f2e\" data-element_type=\"column\">\n\t\t\t<div class=\"elementor-widget-wrap elementor-element-populated\">\n\t\t\t\t\t\t<div class=\"elementor-element elementor-element-ec5724f elementor-widget elementor-widget-spacer\" data-id=\"ec5724f\" data-element_type=\"widget\" data-widget_type=\"spacer.default\">\n\t\t\t\t<div class=\"elementor-widget-container\">\n\t\t\t\t\t<div class=\"elementor-spacer\">\n\t\t\t<div class=\"elementor-spacer-inner\"><\/div>\n\t\t<\/div>\n\t\t\t\t<\/div>\n\t\t\t\t<\/div>\n\t\t\t\t\t<\/div>\n\t\t<\/div>\n\t\t\t\t\t<\/div>\n\t\t<\/section>\n\t\t\t\t<section class=\"elementor-section elementor-top-section elementor-element elementor-element-6d5e1ab elementor-section-boxed elementor-section-height-default elementor-section-height-default\" data-id=\"6d5e1ab\" data-element_type=\"section\">\n\t\t\t\t\t\t<div class=\"elementor-container elementor-column-gap-default\">\n\t\t\t\t\t<div class=\"elementor-column elementor-col-100 elementor-top-column elementor-element elementor-element-4fc5ddf\" data-id=\"4fc5ddf\" data-element_type=\"column\">\n\t\t\t<div class=\"elementor-widget-wrap elementor-element-populated\">\n\t\t\t\t\t\t<div class=\"elementor-element elementor-element-0604d24 elementor-widget elementor-widget-text-editor\" data-id=\"0604d24\" data-element_type=\"widget\" data-widget_type=\"text-editor.default\">\n\t\t\t\t<div class=\"elementor-widget-container\">\n\t\t\t\t\t\t\t<!-- wp:paragraph -->\n<p>Unser Bestreben ist es, eine Win-Win-Situation zu schaffen und die<br>mit Kunden zusammenzuarbeiten. Ich hoffe, wir k\u00f6nnen eine sehr gute Zusammenarbeit haben.<\/p>\n<!-- \/wp:paragraph -->\t\t\t\t\t\t<\/div>\n\t\t\t\t<\/div>\n\t\t\t\t\t<\/div>\n\t\t<\/div>\n\t\t\t\t\t<\/div>\n\t\t<\/section>\n\t\t\t\t<section class=\"elementor-section elementor-top-section elementor-element elementor-element-c6229f4 elementor-section-boxed elementor-section-height-default elementor-section-height-default\" data-id=\"c6229f4\" data-element_type=\"section\">\n\t\t\t\t\t\t<div class=\"elementor-container elementor-column-gap-default\">\n\t\t\t\t\t<div class=\"elementor-column elementor-col-100 elementor-top-column elementor-element elementor-element-71979fa\" data-id=\"71979fa\" data-element_type=\"column\">\n\t\t\t<div class=\"elementor-widget-wrap elementor-element-populated\">\n\t\t\t\t\t\t<div class=\"elementor-element elementor-element-0b6b4f7 elementor-widget elementor-widget-heading\" data-id=\"0b6b4f7\" data-element_type=\"widget\" data-widget_type=\"heading.default\">\n\t\t\t\t<div class=\"elementor-widget-container\">\n\t\t\t<h2 class=\"elementor-heading-title elementor-size-default\"><span style=\"color: var(--the7-h2-color)\">Marktanteil<\/span><\/h2>\t\t<\/div>\n\t\t\t\t<\/div>\n\t\t\t\t\t<\/div>\n\t\t<\/div>\n\t\t\t\t\t<\/div>\n\t\t<\/section>\n\t\t\t\t<section class=\"elementor-section elementor-top-section elementor-element elementor-element-4d1a716 elementor-section-boxed elementor-section-height-default elementor-section-height-default\" data-id=\"4d1a716\" data-element_type=\"section\">\n\t\t\t\t\t\t<div class=\"elementor-container elementor-column-gap-default\">\n\t\t\t\t\t<div class=\"elementor-column elementor-col-100 elementor-top-column elementor-element elementor-element-5aee09c\" data-id=\"5aee09c\" data-element_type=\"column\">\n\t\t\t<div class=\"elementor-widget-wrap elementor-element-populated\">\n\t\t\t\t\t\t<div class=\"elementor-element elementor-element-0c1a443 content-align-left elementor-widget elementor-widget-the7-image-widget\" data-id=\"0c1a443\" data-element_type=\"widget\" data-widget_type=\"the7-image-widget.default\">\n\t\t\t\t<div class=\"elementor-widget-container\">\n\t\t\t<div class=\"the7-image-container\"><div class=\"the7-image-wrapper the7-elementor-widget\"><div class=\"post-thumbnail-rollover layzr-bg img-css-resize-wrapper\"><img fetchpriority=\"high\" decoding=\"async\" width=\"1106\" height=\"531\" src=\"data:image\/svg+xml,%3Csvg%20xmlns%3D&#039;http%3A%2F%2Fwww.w3.org%2F2000%2Fsvg&#039;%20viewBox%3D&#039;0%200%201106%20531&#039;%2F%3E\" class=\"attachment-full size-full preload-me aspect lazy lazy-load\" alt=\"\" sizes=\"(max-width: 1106px) 100vw, 1106px\" style=\"--ratio: 1106 \/ 531;\" data-src=\"https:\/\/www.oceanshoes.com\/wp-content\/uploads\/2023\/07\/SHARE.jpg\" loading=\"eager\" data-srcset=\"https:\/\/www.oceanshoes.com\/wp-content\/uploads\/2023\/07\/SHARE.jpg 1106w, https:\/\/www.oceanshoes.com\/wp-content\/uploads\/2023\/07\/SHARE-300x144.jpg 300w, https:\/\/www.oceanshoes.com\/wp-content\/uploads\/2023\/07\/SHARE-1024x492.jpg 1024w, https:\/\/www.oceanshoes.com\/wp-content\/uploads\/2023\/07\/SHARE-768x369.jpg 768w\" \/><span class=\"the7-hover-icon\"><\/span><\/div><\/div><\/div>\t\t<\/div>\n\t\t\t\t<\/div>\n\t\t\t\t\t<\/div>\n\t\t<\/div>\n\t\t\t\t\t<\/div>\n\t\t<\/section>\n\t\t\t\t<section class=\"elementor-section elementor-top-section elementor-element elementor-element-150981d elementor-section-boxed elementor-section-height-default elementor-section-height-default\" data-id=\"150981d\" data-element_type=\"section\">\n\t\t\t\t\t\t<div class=\"elementor-container elementor-column-gap-default\">\n\t\t\t\t\t<div class=\"elementor-column elementor-col-100 elementor-top-column elementor-element elementor-element-c61771d\" data-id=\"c61771d\" data-element_type=\"column\">\n\t\t\t<div class=\"elementor-widget-wrap elementor-element-populated\">\n\t\t\t\t\t\t<div class=\"elementor-element elementor-element-a3159ee elementor-widget elementor-widget-heading\" data-id=\"a3159ee\" data-element_type=\"widget\" data-widget_type=\"heading.default\">\n\t\t\t\t<div class=\"elementor-widget-container\">\n\t\t\t<h4 class=\"elementor-heading-title elementor-size-default\">\u00dcber unsere Kunden<\/h4>\t\t<\/div>\n\t\t\t\t<\/div>\n\t\t\t\t\t<\/div>\n\t\t<\/div>\n\t\t\t\t\t<\/div>\n\t\t<\/section>\n\t\t\t\t<section class=\"elementor-section elementor-top-section elementor-element elementor-element-0b6f60e elementor-section-boxed elementor-section-height-default elementor-section-height-default\" data-id=\"0b6f60e\" data-element_type=\"section\">\n\t\t\t\t\t\t<div class=\"elementor-container elementor-column-gap-default\">\n\t\t\t\t\t<div class=\"elementor-column elementor-col-100 elementor-top-column elementor-element elementor-element-cb27e23\" data-id=\"cb27e23\" data-element_type=\"column\">\n\t\t\t<div class=\"elementor-widget-wrap elementor-element-populated\">\n\t\t\t\t\t\t<div class=\"elementor-element elementor-element-31fc07e elementor-widget elementor-widget-text-editor\" data-id=\"31fc07e\" data-element_type=\"widget\" data-widget_type=\"text-editor.default\">\n\t\t\t\t<div class=\"elementor-widget-container\">\n\t\t\t\t\t\t\t<p>Wir sind der Lieferant von einigen ber\u00fchmten Marken seit vielen Jahren, wie Fila \/ Spalding \/ Kangaroos \/ Diadora \/ Lee Cooper\/Bata und so weiter. Wir exportieren jedes Jahr mehr als zehn Millionen Paar Schuhe an Kunden in der ganzen Welt. Unsere Hauptprodukte sind sportliche Freizeitschuhe, Sandalen, Wanderschuhe, Fu\u00dfballschuhe, etc.......f\u00fcr Kinder, M\u00e4nner und Damen<\/p>\t\t\t\t\t\t<\/div>\n\t\t\t\t<\/div>\n\t\t\t\t\t<\/div>\n\t\t<\/div>\n\t\t\t\t\t<\/div>\n\t\t<\/section>\n\t\t\t\t<section class=\"elementor-section elementor-top-section elementor-element elementor-element-629742b elementor-section-boxed elementor-section-height-default elementor-section-height-default\" data-id=\"629742b\" data-element_type=\"section\">\n\t\t\t\t\t\t<div class=\"elementor-container elementor-column-gap-default\">\n\t\t\t\t\t<div class=\"elementor-column elementor-col-25 elementor-top-column elementor-element elementor-element-961213f\" data-id=\"961213f\" data-element_type=\"column\">\n\t\t\t<div class=\"elementor-widget-wrap elementor-element-populated\">\n\t\t\t\t\t\t<div class=\"elementor-element elementor-element-9d831ed content-align-left elementor-widget elementor-widget-the7-image-widget\" data-id=\"9d831ed\" data-element_type=\"widget\" data-widget_type=\"the7-image-widget.default\">\n\t\t\t\t<div class=\"elementor-widget-container\">\n\t\t\t<div class=\"the7-image-container\"><div class=\"the7-image-wrapper the7-elementor-widget\"><a class=\"post-thumbnail-rollover layzr-bg img-css-resize-wrapper\" href=\"http:\/\/www.fila.cn\/\" target=\"_blank\"><img decoding=\"async\" width=\"200\" height=\"67\" src=\"data:image\/svg+xml,%3Csvg%20xmlns%3D&#039;http%3A%2F%2Fwww.w3.org%2F2000%2Fsvg&#039;%20viewBox%3D&#039;0%200%20200%2067&#039;%2F%3E\" class=\"attachment-full size-full preload-me aspect lazy lazy-load\" alt=\"\" style=\"--ratio: 200 \/ 67;\" data-src=\"https:\/\/www.oceanshoes.com\/wp-content\/uploads\/2023\/04\/fila.jpg\" loading=\"eager\" \/><span class=\"the7-hover-icon\"><\/span><\/a><\/div><\/div>\t\t<\/div>\n\t\t\t\t<\/div>\n\t\t\t\t\t<\/div>\n\t\t<\/div>\n\t\t\t\t<div class=\"elementor-column elementor-col-25 elementor-top-column elementor-element elementor-element-195a3a2\" data-id=\"195a3a2\" data-element_type=\"column\">\n\t\t\t<div class=\"elementor-widget-wrap elementor-element-populated\">\n\t\t\t\t\t\t<div class=\"elementor-element elementor-element-4bf9819 content-align-left elementor-widget elementor-widget-the7-image-widget\" data-id=\"4bf9819\" data-element_type=\"widget\" data-widget_type=\"the7-image-widget.default\">\n\t\t\t\t<div class=\"elementor-widget-container\">\n\t\t\t<div class=\"the7-image-container\"><div class=\"the7-image-wrapper the7-elementor-widget\"><div class=\"post-thumbnail-rollover layzr-bg img-css-resize-wrapper\"><img decoding=\"async\" width=\"200\" height=\"65\" src=\"data:image\/svg+xml,%3Csvg%20xmlns%3D&#039;http%3A%2F%2Fwww.w3.org%2F2000%2Fsvg&#039;%20viewBox%3D&#039;0%200%20200%2065&#039;%2F%3E\" class=\"attachment-full size-full preload-me aspect lazy lazy-load\" alt=\"\" style=\"--ratio: 200 \/ 65;\" data-src=\"https:\/\/www.oceanshoes.com\/wp-content\/uploads\/2023\/04\/2.png\" loading=\"eager\" \/><span class=\"the7-hover-icon\"><\/span><\/div><\/div><\/div>\t\t<\/div>\n\t\t\t\t<\/div>\n\t\t\t\t\t<\/div>\n\t\t<\/div>\n\t\t\t\t<div class=\"elementor-column elementor-col-25 elementor-top-column elementor-element elementor-element-dbe1091\" data-id=\"dbe1091\" data-element_type=\"column\">\n\t\t\t<div class=\"elementor-widget-wrap elementor-element-populated\">\n\t\t\t\t\t\t<div class=\"elementor-element elementor-element-e52f30e content-align-left elementor-widget elementor-widget-the7-image-widget\" data-id=\"e52f30e\" data-element_type=\"widget\" data-widget_type=\"the7-image-widget.default\">\n\t\t\t\t<div class=\"elementor-widget-container\">\n\t\t\t<div class=\"the7-image-container\"><div class=\"the7-image-wrapper the7-elementor-widget\"><div class=\"post-thumbnail-rollover layzr-bg img-css-resize-wrapper\"><img decoding=\"async\" width=\"200\" height=\"67\" src=\"data:image\/svg+xml,%3Csvg%20xmlns%3D&#039;http%3A%2F%2Fwww.w3.org%2F2000%2Fsvg&#039;%20viewBox%3D&#039;0%200%20200%2067&#039;%2F%3E\" class=\"attachment-full size-full preload-me aspect lazy lazy-load\" alt=\"\" style=\"--ratio: 200 \/ 67;\" data-src=\"https:\/\/www.oceanshoes.com\/wp-content\/uploads\/2023\/04\/3.png\" loading=\"eager\" \/><span class=\"the7-hover-icon\"><\/span><\/div><\/div><\/div>\t\t<\/div>\n\t\t\t\t<\/div>\n\t\t\t\t\t<\/div>\n\t\t<\/div>\n\t\t\t\t<div class=\"elementor-column elementor-col-25 elementor-top-column elementor-element elementor-element-6e5382a\" data-id=\"6e5382a\" data-element_type=\"column\">\n\t\t\t<div class=\"elementor-widget-wrap elementor-element-populated\">\n\t\t\t\t\t\t<div class=\"elementor-element elementor-element-ac98684 content-align-left elementor-widget elementor-widget-the7-image-widget\" data-id=\"ac98684\" data-element_type=\"widget\" data-widget_type=\"the7-image-widget.default\">\n\t\t\t\t<div class=\"elementor-widget-container\">\n\t\t\t<div class=\"the7-image-container\"><div class=\"the7-image-wrapper the7-elementor-widget\"><div class=\"post-thumbnail-rollover layzr-bg img-css-resize-wrapper\"><img decoding=\"async\" width=\"200\" height=\"67\" src=\"data:image\/svg+xml,%3Csvg%20xmlns%3D&#039;http%3A%2F%2Fwww.w3.org%2F2000%2Fsvg&#039;%20viewBox%3D&#039;0%200%20200%2067&#039;%2F%3E\" class=\"attachment-full size-full preload-me aspect lazy lazy-load\" alt=\"\" style=\"--ratio: 200 \/ 67;\" data-src=\"https:\/\/www.oceanshoes.com\/wp-content\/uploads\/2023\/04\/4.png\" loading=\"eager\" \/><span class=\"the7-hover-icon\"><\/span><\/div><\/div><\/div>\t\t<\/div>\n\t\t\t\t<\/div>\n\t\t\t\t\t<\/div>\n\t\t<\/div>\n\t\t\t\t\t<\/div>\n\t\t<\/section>\n\t\t\t\t<section class=\"elementor-section elementor-top-section elementor-element elementor-element-23daaae elementor-section-boxed elementor-section-height-default elementor-section-height-default\" data-id=\"23daaae\" data-element_type=\"section\">\n\t\t\t\t\t\t<div class=\"elementor-container elementor-column-gap-default\">\n\t\t\t\t\t<div class=\"elementor-column elementor-col-25 elementor-top-column elementor-element elementor-element-a56b581\" data-id=\"a56b581\" data-element_type=\"column\">\n\t\t\t<div class=\"elementor-widget-wrap elementor-element-populated\">\n\t\t\t\t\t\t<div class=\"elementor-element elementor-element-97e1722 content-align-left elementor-widget elementor-widget-the7-image-widget\" data-id=\"97e1722\" data-element_type=\"widget\" data-widget_type=\"the7-image-widget.default\">\n\t\t\t\t<div class=\"elementor-widget-container\">\n\t\t\t<div class=\"the7-image-container\"><div class=\"the7-image-wrapper the7-elementor-widget\"><div class=\"post-thumbnail-rollover layzr-bg img-css-resize-wrapper\"><img decoding=\"async\" width=\"200\" height=\"114\" src=\"data:image\/svg+xml,%3Csvg%20xmlns%3D&#039;http%3A%2F%2Fwww.w3.org%2F2000%2Fsvg&#039;%20viewBox%3D&#039;0%200%20200%20114&#039;%2F%3E\" class=\"attachment-full size-full preload-me aspect lazy lazy-load\" alt=\"\" style=\"--ratio: 200 \/ 114;\" data-src=\"https:\/\/www.oceanshoes.com\/wp-content\/uploads\/2023\/04\/11.png\" loading=\"eager\" \/><span class=\"the7-hover-icon\"><\/span><\/div><\/div><\/div>\t\t<\/div>\n\t\t\t\t<\/div>\n\t\t\t\t\t<\/div>\n\t\t<\/div>\n\t\t\t\t<div class=\"elementor-column elementor-col-25 elementor-top-column elementor-element elementor-element-d42c5bc\" data-id=\"d42c5bc\" data-element_type=\"column\">\n\t\t\t<div class=\"elementor-widget-wrap elementor-element-populated\">\n\t\t\t\t\t\t<div class=\"elementor-element elementor-element-f3f9676 content-align-left elementor-widget elementor-widget-the7-image-widget\" data-id=\"f3f9676\" data-element_type=\"widget\" data-widget_type=\"the7-image-widget.default\">\n\t\t\t\t<div class=\"elementor-widget-container\">\n\t\t\t<div class=\"the7-image-container\"><div class=\"the7-image-wrapper the7-elementor-widget\"><div class=\"post-thumbnail-rollover layzr-bg img-css-resize-wrapper\"><img decoding=\"async\" width=\"200\" height=\"67\" src=\"data:image\/svg+xml,%3Csvg%20xmlns%3D&#039;http%3A%2F%2Fwww.w3.org%2F2000%2Fsvg&#039;%20viewBox%3D&#039;0%200%20200%2067&#039;%2F%3E\" class=\"attachment-full size-full preload-me aspect lazy lazy-load\" alt=\"\" style=\"--ratio: 200 \/ 67;\" data-src=\"https:\/\/www.oceanshoes.com\/wp-content\/uploads\/2023\/04\/6.png\" loading=\"eager\" \/><span class=\"the7-hover-icon\"><\/span><\/div><\/div><\/div>\t\t<\/div>\n\t\t\t\t<\/div>\n\t\t\t\t\t<\/div>\n\t\t<\/div>\n\t\t\t\t<div class=\"elementor-column elementor-col-25 elementor-top-column elementor-element elementor-element-65fe1a8\" data-id=\"65fe1a8\" data-element_type=\"column\">\n\t\t\t<div class=\"elementor-widget-wrap elementor-element-populated\">\n\t\t\t\t\t\t<div class=\"elementor-element elementor-element-cbee50b content-align-left elementor-widget elementor-widget-the7-image-widget\" data-id=\"cbee50b\" data-element_type=\"widget\" data-widget_type=\"the7-image-widget.default\">\n\t\t\t\t<div class=\"elementor-widget-container\">\n\t\t\t<div class=\"the7-image-container\"><div class=\"the7-image-wrapper the7-elementor-widget\"><div class=\"post-thumbnail-rollover layzr-bg img-css-resize-wrapper\"><img decoding=\"async\" width=\"200\" height=\"67\" src=\"data:image\/svg+xml,%3Csvg%20xmlns%3D&#039;http%3A%2F%2Fwww.w3.org%2F2000%2Fsvg&#039;%20viewBox%3D&#039;0%200%20200%2067&#039;%2F%3E\" class=\"attachment-full size-full preload-me aspect lazy lazy-load\" alt=\"\" style=\"--ratio: 200 \/ 67;\" data-src=\"https:\/\/www.oceanshoes.com\/wp-content\/uploads\/2023\/04\/12.png\" loading=\"eager\" \/><span class=\"the7-hover-icon\"><\/span><\/div><\/div><\/div>\t\t<\/div>\n\t\t\t\t<\/div>\n\t\t\t\t\t<\/div>\n\t\t<\/div>\n\t\t\t\t<div class=\"elementor-column elementor-col-25 elementor-top-column elementor-element elementor-element-542a45f\" data-id=\"542a45f\" data-element_type=\"column\">\n\t\t\t<div class=\"elementor-widget-wrap elementor-element-populated\">\n\t\t\t\t\t\t<div class=\"elementor-element elementor-element-d6f3029 content-align-left elementor-widget elementor-widget-the7-image-widget\" data-id=\"d6f3029\" data-element_type=\"widget\" data-widget_type=\"the7-image-widget.default\">\n\t\t\t\t<div class=\"elementor-widget-container\">\n\t\t\t<div class=\"the7-image-container\"><div class=\"the7-image-wrapper the7-elementor-widget\"><div class=\"post-thumbnail-rollover layzr-bg img-css-resize-wrapper\"><img decoding=\"async\" width=\"200\" height=\"62\" src=\"data:image\/svg+xml,%3Csvg%20xmlns%3D&#039;http%3A%2F%2Fwww.w3.org%2F2000%2Fsvg&#039;%20viewBox%3D&#039;0%200%20200%2062&#039;%2F%3E\" class=\"attachment-full size-full preload-me aspect lazy lazy-load\" alt=\"\" style=\"--ratio: 200 \/ 62;\" data-src=\"https:\/\/www.oceanshoes.com\/wp-content\/uploads\/2023\/04\/13.png\" loading=\"eager\" \/><span class=\"the7-hover-icon\"><\/span><\/div><\/div><\/div>\t\t<\/div>\n\t\t\t\t<\/div>\n\t\t\t\t\t<\/div>\n\t\t<\/div>\n\t\t\t\t\t<\/div>\n\t\t<\/section>\n\t\t\t\t<\/div>","protected":false},"excerpt":{"rendered":"<p>Es ist unser Bestreben, eine Win-Win-Situation zu schaffen und die Zusammenarbeit mit unseren Kunden zu genie\u00dfen. Ich hoffe, wir k\u00f6nnen eine sehr sch\u00f6ne Zusammenarbeit haben. Marktanteil \u00dcber unsere Kunden Wir sind der Lieferant von einigen ber\u00fchmten Marke f\u00fcr viele Jahre, wie Fila \/ Spalding \/ Kangaroos \/ Diadora \/ Lee Cooper \/ Bata und so weiter. Wir...<\/p>","protected":false},"author":1,"featured_media":0,"parent":0,"menu_order":0,"comment_status":"closed","ping_status":"closed","template":"","meta":{"footnotes":""},"class_list":["post-94003","page","type-page","status-publish","hentry"],"_links":{"self":[{"href":"https:\/\/www.oceanshoes.com\/de\/wp-json\/wp\/v2\/pages\/94003","targetHints":{"allow":["GET"]}}],"collection":[{"href":"https:\/\/www.oceanshoes.com\/de\/wp-json\/wp\/v2\/pages"}],"about":[{"href":"https:\/\/www.oceanshoes.com\/de\/wp-json\/wp\/v2\/types\/page"}],"author":[{"embeddable":true,"href":"https:\/\/www.oceanshoes.com\/de\/wp-json\/wp\/v2\/users\/1"}],"replies":[{"embeddable":true,"href":"https:\/\/www.oceanshoes.com\/de\/wp-json\/wp\/v2\/comments?post=94003"}],"version-history":[{"count":22,"href":"https:\/\/www.oceanshoes.com\/de\/wp-json\/wp\/v2\/pages\/94003\/revisions"}],"predecessor-version":[{"id":95949,"href":"https:\/\/www.oceanshoes.com\/de\/wp-json\/wp\/v2\/pages\/94003\/revisions\/95949"}],"wp:attachment":[{"href":"https:\/\/www.oceanshoes.com\/de\/wp-json\/wp\/v2\/media?parent=94003"}],"curies":[{"name":"wp","href":"https:\/\/api.w.org\/{rel}","templated":true}]}}