{"id":29656,"date":"2020-12-17T18:17:47","date_gmt":"2020-12-17T18:17:47","guid":{"rendered":"https:\/\/the7.io\/elementor-main\/?page_id=29656"},"modified":"2020-12-17T18:17:47","modified_gmt":"2020-12-17T18:17:47","slug":"terms-and-conditions","status":"publish","type":"page","link":"https:\/\/www.oceanshoes.com\/es\/condiciones-generales\/","title":{"rendered":"Condiciones generales"},"content":{"rendered":"<div data-elementor-type=\"wp-page\" data-elementor-id=\"29656\" class=\"elementor elementor-29656\" data-elementor-post-type=\"page\">\n\t\t\t\t\t\t<section class=\"elementor-section elementor-top-section elementor-element elementor-element-cbda701 elementor-reverse-tablet elementor-reverse-mobile elementor-section-boxed elementor-section-height-default elementor-section-height-default\" data-id=\"cbda701\" data-element_type=\"section\">\n\t\t\t\t\t\t<div class=\"elementor-container elementor-column-gap-wider\">\n\t\t\t\t\t<div class=\"elementor-column elementor-col-50 elementor-top-column elementor-element elementor-element-443074e\" data-id=\"443074e\" data-element_type=\"column\">\n\t\t\t<div class=\"elementor-widget-wrap elementor-element-populated\">\n\t\t\t\t\t\t<div class=\"elementor-element elementor-element-d2e314b elementor-widget elementor-widget-text-editor\" data-id=\"d2e314b\" data-element_type=\"widget\" data-widget_type=\"text-editor.default\">\n\t\t\t\t<div class=\"elementor-widget-container\">\n\t\t\t\t\t\t\t<h2>Interpretaci\u00f3n y definiciones<\/h2><h3>Interpretaci\u00f3n<\/h3><p>Las palabras cuya inicial aparece en may\u00fascula tienen los significados que se definen a continuaci\u00f3n. Las siguientes definiciones tendr\u00e1n el mismo significado independientemente de que aparezcan en singular o en plural.<\/p><hr class=\"the7-p-gap\" style=\"padding-bottom: 25px;\" \/><h3>Definiciones<\/h3><p>A los efectos de las presentes Condiciones Generales:<\/p><ul><li><strong>Afiliado<\/strong>\u00a0significa una entidad que controla, es controlada por o est\u00e1 bajo control com\u00fan con una parte, donde \"control\" significa la propiedad de 50% o m\u00e1s de las acciones, participaciones u otros valores con derecho a voto para la elecci\u00f3n de directores u otra autoridad de gesti\u00f3n.<\/li><li><strong>Pa\u00eds<\/strong>\u00a0se refiere a: Reino Unido<\/li><li><strong>Empresa<\/strong>\u00a0(denominado \"la Empresa\", \"Nosotros\", \"Nos\" o \"Nuestro\" en este Acuerdo) se refiere a Dream-Theme, Londres.<\/li><li><strong>Dispositivo<\/strong>\u00a0cualquier dispositivo que pueda acceder al Servicio, como un ordenador, un tel\u00e9fono m\u00f3vil o una tableta digital.<\/li><li><strong>Servicio<\/strong>\u00a0se refiere al Sitio web.<\/li><li><strong>Condiciones generales<\/strong>\u00a0(tambi\u00e9n denominadas \"Condiciones\") se refieren a estos T\u00e9rminos y Condiciones que constituyen el acuerdo completo entre Usted y la Empresa en relaci\u00f3n con el uso del Servicio. Este acuerdo de T\u00e9rminos y Condiciones ha sido creado con la ayuda de la\u00a0<a href=\"https:\/\/www.freeprivacypolicy.com\/free-terms-and-conditions-generator\/\" target=\"_blank\" rel=\"noopener\">Generador gratuito de t\u00e9rminos y condiciones<\/a>.<\/li><li><strong>Servicio de redes sociales de terceros<\/strong>\u00a0se refiere a cualquier servicio o contenido (incluidos datos, informaci\u00f3n, productos o servicios) proporcionado por un tercero que pueda mostrarse, incluirse o ponerse a disposici\u00f3n a trav\u00e9s del Servicio.<\/li><li><strong>P\u00e1gina web<\/strong>\u00a0se refiere a The7, accesible desde\u00a0<a href=\"https:\/\/the7.io\/\" target=\"_blank\" rel=\"external nofollow noopener\">https:\/\/the7.io\/<\/a><\/li><li><strong>Usted<\/strong> la persona f\u00edsica que accede o utiliza el Servicio, o la empresa u otra entidad jur\u00eddica en nombre de la cual dicha persona f\u00edsica accede o utiliza el Servicio, seg\u00fan proceda.<\/li><\/ul><hr class=\"the7-p-gap\" style=\"padding-bottom: 45px;\" \/><h2>Acuse de recibo<\/h2><p>Estos son los T\u00e9rminos y Condiciones que rigen el uso de este Servicio y el acuerdo que opera entre Usted y la Compa\u00f1\u00eda. Estos T\u00e9rminos y Condiciones establecen los derechos y obligaciones de todos los usuarios en relaci\u00f3n con el uso del Servicio.<\/p><p>Su acceso y uso del Servicio est\u00e1n condicionados a su aceptaci\u00f3n y cumplimiento de estos T\u00e9rminos y Condiciones. Estas Condiciones se aplican a todos los visitantes, usuarios y dem\u00e1s personas que accedan o utilicen el Servicio.<\/p><p>Al acceder o utilizar el Servicio, Usted acepta quedar vinculado por las presentes Condiciones Generales. Si no est\u00e1 de acuerdo con alguna parte de estas Condiciones, no podr\u00e1 acceder al Servicio.<\/p><p>Usted declara que es mayor de 18 a\u00f1os. La Empresa no permite que los menores de 18 a\u00f1os utilicen el Servicio.<\/p><p>Su acceso y uso del Servicio tambi\u00e9n est\u00e1n condicionados a Su aceptaci\u00f3n y cumplimiento de la Pol\u00edtica de Privacidad de la Empresa. Nuestra Pol\u00edtica de Privacidad describe Nuestras pol\u00edticas y procedimientos sobre la recopilaci\u00f3n, uso y divulgaci\u00f3n de Su informaci\u00f3n personal cuando Usted utiliza la Aplicaci\u00f3n o el Sitio Web y le informa sobre Sus derechos de privacidad y c\u00f3mo le protege la ley. Lea atentamente nuestra Pol\u00edtica de Privacidad antes de utilizar nuestro Servicio.<\/p><hr class=\"the7-p-gap\" style=\"padding-bottom: 45px;\" \/><h2>Enlaces a otros sitios web<\/h2><p>Nuestro Servicio puede contener enlaces a sitios web o servicios de terceros que no son propiedad ni est\u00e1n controlados por la Empresa.<\/p><p>La Empresa no tiene control alguno sobre el contenido, las pol\u00edticas de privacidad o las pr\u00e1cticas de los sitios web o servicios de terceros, ni asume responsabilidad alguna por los mismos. Adem\u00e1s, usted reconoce y acepta que la Compa\u00f1\u00eda no ser\u00e1 responsable, directa o indirectamente, por cualquier da\u00f1o o p\u00e9rdida causada o supuestamente causada por o en conexi\u00f3n con el uso o la confianza en cualquier contenido, bienes o servicios disponibles en oa trav\u00e9s de cualquiera de dichos sitios web o servicios.<\/p><p>Le recomendamos encarecidamente que lea los t\u00e9rminos y condiciones y las pol\u00edticas de privacidad de los sitios web o servicios de terceros que visite.<\/p><hr class=\"the7-p-gap\" style=\"padding-bottom: 45px;\" \/><h2>Terminaci\u00f3n<\/h2><p>Podemos terminar o suspender su acceso inmediatamente, sin previo aviso ni responsabilidad, por cualquier motivo, incluyendo, sin limitaci\u00f3n, si usted incumple estos T\u00e9rminos y Condiciones.<\/p><p>En caso de rescisi\u00f3n, cesar\u00e1 inmediatamente su derecho a utilizar el Servicio.<\/p><hr class=\"the7-p-gap\" style=\"padding-bottom: 45px;\" \/><h2>Limitaci\u00f3n de responsabilidad<\/h2><p>Sin perjuicio de los da\u00f1os y perjuicios en que Usted pueda incurrir, la responsabilidad total de la Empresa y de cualquiera de sus proveedores en virtud de cualquier disposici\u00f3n de las presentes Condiciones y su recurso exclusivo para todo lo anterior se limitar\u00e1 al importe efectivamente pagado por Usted a trav\u00e9s del Servicio o a 100 USD si Usted no ha comprado nada a trav\u00e9s del Servicio.<\/p><p>En la medida m\u00e1xima permitida por la legislaci\u00f3n aplicable, en ning\u00fan caso la Empresa o sus proveedores ser\u00e1n responsables de ning\u00fan da\u00f1o especial, incidental, indirecto o consecuente de ning\u00fan tipo (incluidos, entre otros, da\u00f1os por p\u00e9rdida de beneficios, p\u00e9rdida de datos u otra informaci\u00f3n, por interrupci\u00f3n del negocio, por da\u00f1os personales, p\u00e9rdida de privacidad que se deriven o est\u00e9n relacionados de alg\u00fan modo con el uso o la imposibilidad de usar el Servicio, el software de terceros y\/o el hardware de terceros utilizado con el Servicio, o de alg\u00fan otro modo en relaci\u00f3n con cualquier disposici\u00f3n de estas Condiciones), incluso si la Empresa o cualquier proveedor ha sido advertido de la posibilidad de tales da\u00f1os e incluso si la soluci\u00f3n no cumple su finalidad esencial.<\/p><p>Algunos estados no permiten la exclusi\u00f3n de garant\u00edas impl\u00edcitas o la limitaci\u00f3n de responsabilidad por da\u00f1os incidentales o consecuentes, lo que significa que algunas de las limitaciones anteriores pueden no ser aplicables. En estos estados, la responsabilidad de cada parte se limitar\u00e1 en la mayor medida permitida por la ley.<\/p><hr class=\"the7-p-gap\" style=\"padding-bottom: 45px;\" \/><h2>\"Descargo de responsabilidad \"TAL CUAL\" y \"SEG\u00daN DISPONIBILIDAD<\/h2><p>El Servicio se le proporciona \"TAL CUAL\" y \"SEG\u00daN DISPONIBILIDAD\" y con todos los fallos y defectos sin garant\u00eda de ning\u00fan tipo. En la m\u00e1xima medida permitida por la legislaci\u00f3n aplicable, la Empresa, en su propio nombre y en nombre de sus Afiliadas y sus respectivos licenciantes y proveedores de servicios, renuncia expresamente a todas las garant\u00edas, ya sean expresas, impl\u00edcitas, legales o de otro tipo, con respecto al Servicio, incluidas todas las garant\u00edas impl\u00edcitas de comerciabilidad, idoneidad para un fin determinado, titularidad y no infracci\u00f3n, y las garant\u00edas que puedan derivarse del curso de las negociaciones, el curso del rendimiento, el uso o la pr\u00e1ctica comercial. Sin limitaci\u00f3n de lo anterior, la Empresa no ofrece ninguna garant\u00eda o compromiso, y no hace ninguna representaci\u00f3n de ning\u00fan tipo de que el Servicio cumplir\u00e1 con sus requisitos, lograr\u00e1 los resultados previstos, ser\u00e1 compatible o funcionar\u00e1 con cualquier otro software, aplicaciones, sistemas o servicios, funcionar\u00e1 sin interrupci\u00f3n, cumplir\u00e1 con las normas de rendimiento o fiabilidad o estar\u00e1 libre de errores o que cualquier error o defecto puede o ser\u00e1 corregido.<\/p><p>Sin perjuicio de lo anterior, ni la Empresa ni ninguno de los proveedores de la Empresa ofrecen declaraci\u00f3n o garant\u00eda alguna, expresa o impl\u00edcita: (i) en cuanto al funcionamiento o disponibilidad del Servicio, o de la informaci\u00f3n, contenido y materiales o productos incluidos en el mismo; (ii) que el Servicio ser\u00e1 ininterrumpido o libre de errores; (iii) en cuanto a la exactitud, fiabilidad o actualidad de cualquier informaci\u00f3n o contenido proporcionado a trav\u00e9s del Servicio; o (iv) que el Servicio, sus servidores, el contenido o los correos electr\u00f3nicos enviados desde o en nombre de la Empresa est\u00e1n libres de virus, scripts, troyanos, gusanos, malware, bombas de tiempo u otros componentes da\u00f1inos.<\/p><p>Algunas jurisdicciones no permiten la exclusi\u00f3n de ciertos tipos de garant\u00edas o limitaciones de los derechos legales aplicables de un consumidor, por lo que algunas o todas las exclusiones y limitaciones anteriores pueden no ser aplicables en su caso. Pero en tal caso, las exclusiones y limitaciones establecidas en esta secci\u00f3n se aplicar\u00e1n en la mayor medida que permita la legislaci\u00f3n aplicable.<\/p><hr class=\"the7-p-gap\" style=\"padding-bottom: 45px;\" \/><h2>Derecho aplicable<\/h2><p>Las presentes Condiciones y el uso que Usted haga del Servicio se regir\u00e1n por la legislaci\u00f3n del pa\u00eds, con exclusi\u00f3n de las normas sobre conflictos de leyes. Su uso de la Aplicaci\u00f3n tambi\u00e9n puede estar sujeto a otras leyes locales, estatales, nacionales o internacionales.<\/p><hr class=\"the7-p-gap\" style=\"padding-bottom: 45px;\" \/><h2>Resoluci\u00f3n de litigios<\/h2><p>Si tiene alguna duda o disputa sobre el Servicio, acepta primero intentar resolver la disputa de manera informal poni\u00e9ndose en contacto con la Empresa.<\/p><hr class=\"the7-p-gap\" style=\"padding-bottom: 45px;\" \/><h2>Para usuarios de la Uni\u00f3n Europea (UE)<\/h2><p>Si Usted es un consumidor de la Uni\u00f3n Europea, se beneficiar\u00e1 de las disposiciones obligatorias de la legislaci\u00f3n del pa\u00eds en el que resida.<\/p><hr class=\"the7-p-gap\" style=\"padding-bottom: 45px;\" \/><h2>Cumplimiento legal en Estados Unidos<\/h2><p>Usted declara y garantiza que (i) no se encuentra en un pa\u00eds sujeto a embargo por parte del gobierno de Estados Unidos, o que haya sido designado por el gobierno de Estados Unidos como pa\u00eds \"de apoyo al terrorismo\", y (ii) no figura en ninguna lista de partes prohibidas o restringidas del gobierno de Estados Unidos.<\/p><hr class=\"the7-p-gap\" style=\"padding-bottom: 45px;\" \/><h2>Divisibilidad y renuncia<\/h2><h3>Divisibilidad<\/h3><p>Si alguna disposici\u00f3n de estas Condiciones se considera inaplicable o inv\u00e1lida, dicha disposici\u00f3n se modificar\u00e1 e interpretar\u00e1 para cumplir los objetivos de dicha disposici\u00f3n en la mayor medida posible seg\u00fan la legislaci\u00f3n aplicable y las disposiciones restantes continuar\u00e1n en pleno vigor y efecto.<\/p><hr class=\"the7-p-gap\" style=\"padding-bottom: 25px;\" \/><h3>Renuncia<\/h3><p>Salvo lo dispuesto en el presente documento, el hecho de no ejercer un derecho o de no exigir el cumplimiento de una obligaci\u00f3n en virtud de las presentes Condiciones no afectar\u00e1 a la capacidad de una parte para ejercer dicho derecho o exigir dicho cumplimiento en cualquier momento posterior, ni la renuncia a un incumplimiento constituir\u00e1 una renuncia a cualquier incumplimiento posterior.<\/p><hr class=\"the7-p-gap\" style=\"padding-bottom: 45px;\" \/><h2>Traducci\u00f3n Interpretaci\u00f3n<\/h2><p>Estas Condiciones Generales pueden haber sido traducidas si las hemos puesto a su disposici\u00f3n en nuestro Servicio. Usted acepta que el texto original en ingl\u00e9s prevalecer\u00e1 en caso de litigio.<\/p><hr class=\"the7-p-gap\" style=\"padding-bottom: 45px;\" \/><h2>Modificaciones de las presentes condiciones<\/h2><p>Nos reservamos el derecho, a nuestra entera discreci\u00f3n, de modificar o sustituir estas Condiciones en cualquier momento. Si una revisi\u00f3n es sustancial, haremos todo lo razonablemente posible para notificarlo con al menos 30 d\u00edas de antelaci\u00f3n a la entrada en vigor de los nuevos t\u00e9rminos. Lo que constituya un cambio sustancial se determinar\u00e1 a nuestra entera discreci\u00f3n.<\/p><p>Al continuar accediendo o utilizando nuestro Servicio despu\u00e9s de que dichas revisiones entren en vigor, usted acepta quedar vinculado por los t\u00e9rminos revisados. Si no est\u00e1 de acuerdo con las nuevas condiciones, en su totalidad o en parte, deje de utilizar el sitio web y el Servicio.<\/p><hr class=\"the7-p-gap\" style=\"padding-bottom: 45px;\" \/><h2>Contacte con nosotros<\/h2><p>Si tiene alguna pregunta sobre estas Condiciones, puede ponerse en contacto con nosotros:<\/p><ul><li>Por correo electr\u00f3nico: example@the7.io<\/li><\/ul>\t\t\t\t\t\t<\/div>\n\t\t\t\t<\/div>\n\t\t\t\t\t<\/div>\n\t\t<\/div>\n\t\t\t\t<div class=\"elementor-column elementor-col-50 elementor-top-column elementor-element elementor-element-f967acb\" data-id=\"f967acb\" data-element_type=\"column\">\n\t\t\t<div class=\"elementor-widget-wrap elementor-element-populated\">\n\t\t\t\t\t\t<div class=\"elementor-element elementor-element-b31a801 elementor-toc--content-ellipsis elementor-toc--minimized-on-mobile elementor-widget elementor-widget-table-of-contents\" data-id=\"b31a801\" data-element_type=\"widget\" data-settings=\"{&quot;headings_by_tags&quot;:[&quot;h2&quot;,&quot;h3&quot;],&quot;exclude_headings_by_selector&quot;:[],&quot;sticky&quot;:&quot;top&quot;,&quot;sticky_offset&quot;:100,&quot;sticky_parent&quot;:&quot;yes&quot;,&quot;minimized_on&quot;:&quot;mobile&quot;,&quot;sticky_on&quot;:[&quot;desktop&quot;],&quot;marker_view&quot;:&quot;numbers&quot;,&quot;minimize_box&quot;:&quot;yes&quot;,&quot;hierarchical_view&quot;:&quot;yes&quot;,&quot;min_height&quot;:{&quot;unit&quot;:&quot;px&quot;,&quot;size&quot;:&quot;&quot;,&quot;sizes&quot;:[]},&quot;min_height_tablet&quot;:{&quot;unit&quot;:&quot;px&quot;,&quot;size&quot;:&quot;&quot;,&quot;sizes&quot;:[]},&quot;min_height_mobile&quot;:{&quot;unit&quot;:&quot;px&quot;,&quot;size&quot;:&quot;&quot;,&quot;sizes&quot;:[]},&quot;sticky_effects_offset&quot;:0}\" data-widget_type=\"table-of-contents.default\">\n\t\t\t\t<div class=\"elementor-widget-container\">\n\t\t\t\t\t<div class=\"elementor-toc__header\" aria-controls=\"elementor-toc__body\">\n\t\t\t<h4 class=\"elementor-toc__header-title\">\n\t\t\t\t\u00cdndice\t\t\t<\/h4>\n\t\t\t\t\t\t\t<div class=\"elementor-toc__toggle-button elementor-toc__toggle-button--expand\" role=\"button\" tabindex=\"0\" aria-label=\"Abrir el \u00edndice\"><svg xmlns=\"http:\/\/www.w3.org\/2000\/svg\" xmlns:xlink=\"http:\/\/www.w3.org\/1999\/xlink\" id=\"Layer_1\" x=\"0px\" y=\"0px\" viewbox=\"0 0 16 16\" style=\"enable-background:new 0 0 16 16;\" xml:space=\"preserve\"><polygon points=\"13.3,7.2 8.8,7.2 8.8,2.7 7.2,2.7 7.2,7.2 2.7,7.2 2.7,8.8 7.2,8.8 7.2,13.3 8.8,13.3 8.8,8.8 13.3,8.8 \"><\/polygon><\/svg><\/div>\n\t\t\t\t<div class=\"elementor-toc__toggle-button elementor-toc__toggle-button--collapse\" role=\"button\" tabindex=\"0\" aria-label=\"Cerrar \u00edndice\"><svg xmlns=\"http:\/\/www.w3.org\/2000\/svg\" xmlns:xlink=\"http:\/\/www.w3.org\/1999\/xlink\" id=\"Layer_1\" x=\"0px\" y=\"0px\" viewbox=\"0 0 16 16\" style=\"enable-background:new 0 0 16 16;\" xml:space=\"preserve\"><rect x=\"2.7\" y=\"7.2\" width=\"10.6\" height=\"1.7\"><\/rect><\/svg><\/div>\n\t\t\t\t\t<\/div>\n\t\t<div class=\"elementor-toc__body\" aria-expanded=\"true\">\n\t\t\t<div class=\"elementor-toc__spinner-container\">\n\t\t\t\t<i class=\"elementor-toc__spinner eicon-animation-spin eicon-loading\" aria-hidden=\"true\"><\/i>\t\t\t<\/div>\n\t\t<\/div>\n\t\t\t\t<\/div>\n\t\t\t\t<\/div>\n\t\t\t\t\t<\/div>\n\t\t<\/div>\n\t\t\t\t\t<\/div>\n\t\t<\/section>\n\t\t\t\t<\/div>","protected":false},"excerpt":{"rendered":"","protected":false},"author":1,"featured_media":0,"parent":0,"menu_order":997,"comment_status":"closed","ping_status":"closed","template":"","meta":{"footnotes":""},"class_list":["post-29656","page","type-page","status-publish","hentry"],"_links":{"self":[{"href":"https:\/\/www.oceanshoes.com\/es\/wp-json\/wp\/v2\/pages\/29656","targetHints":{"allow":["GET"]}}],"collection":[{"href":"https:\/\/www.oceanshoes.com\/es\/wp-json\/wp\/v2\/pages"}],"about":[{"href":"https:\/\/www.oceanshoes.com\/es\/wp-json\/wp\/v2\/types\/page"}],"author":[{"embeddable":true,"href":"https:\/\/www.oceanshoes.com\/es\/wp-json\/wp\/v2\/users\/1"}],"replies":[{"embeddable":true,"href":"https:\/\/www.oceanshoes.com\/es\/wp-json\/wp\/v2\/comments?post=29656"}],"version-history":[{"count":0,"href":"https:\/\/www.oceanshoes.com\/es\/wp-json\/wp\/v2\/pages\/29656\/revisions"}],"wp:attachment":[{"href":"https:\/\/www.oceanshoes.com\/es\/wp-json\/wp\/v2\/media?parent=29656"}],"curies":[{"name":"wp","href":"https:\/\/api.w.org\/{rel}","templated":true}]}}