{"id":7609,"date":"2020-11-06T14:07:01","date_gmt":"2020-11-06T14:07:01","guid":{"rendered":"https:\/\/the7.io\/elementor-main\/?page_id=7609"},"modified":"2026-01-20T10:27:02","modified_gmt":"2026-01-20T02:27:02","slug":"about-1","status":"publish","type":"page","link":"https:\/\/www.oceanshoes.com\/it\/circa-1\/","title":{"rendered":"Circa"},"content":{"rendered":"<div data-elementor-type=\"wp-page\" data-elementor-id=\"7609\" class=\"elementor elementor-7609\" data-elementor-post-type=\"page\">\n\t\t\t\t\t\t<section class=\"elementor-section elementor-top-section elementor-element elementor-element-583786c elementor-reverse-tablet elementor-reverse-mobile elementor-section-height-min-height elementor-section-items-stretch elementor-section-boxed elementor-section-height-default\" data-id=\"583786c\" data-element_type=\"section\" data-settings=\"{&quot;background_background&quot;:&quot;gradient&quot;}\">\n\t\t\t\t\t\t\t<div class=\"elementor-background-overlay\"><\/div>\n\t\t\t\t\t\t\t<div class=\"elementor-container elementor-column-gap-wider\">\n\t\t\t\t\t<div class=\"elementor-column elementor-col-100 elementor-top-column elementor-element elementor-element-a969fa0\" data-id=\"a969fa0\" data-element_type=\"column\">\n\t\t\t<div class=\"elementor-widget-wrap elementor-element-populated\">\n\t\t\t\t\t\t<div class=\"elementor-element elementor-element-ab8d00b elementor-widget elementor-widget-the7-heading\" data-id=\"ab8d00b\" data-element_type=\"widget\" data-widget_type=\"the7-heading.default\">\n\t\t\t\t<div class=\"elementor-widget-container\">\n\t\t\t<h2 class=\"the7-heading-title elementor-size-default\">Chi siamo<\/h2>\t\t<\/div>\n\t\t\t\t<\/div>\n\t\t\t\t\t<\/div>\n\t\t<\/div>\n\t\t\t\t\t<\/div>\n\t\t<\/section>\n\t\t\t\t<section class=\"elementor-section elementor-top-section elementor-element elementor-element-0627998 elementor-reverse-tablet elementor-reverse-mobile elementor-section-boxed elementor-section-height-default elementor-section-height-default\" data-id=\"0627998\" data-element_type=\"section\" data-settings=\"{&quot;background_background&quot;:&quot;classic&quot;}\">\n\t\t\t\t\t\t<div class=\"elementor-container elementor-column-gap-wider\">\n\t\t\t\t\t<div class=\"elementor-column elementor-col-50 elementor-top-column elementor-element elementor-element-24e2e60\" data-id=\"24e2e60\" data-element_type=\"column\">\n\t\t\t<div class=\"elementor-widget-wrap elementor-element-populated\">\n\t\t\t\t\t\t<div class=\"elementor-element elementor-element-91a96d6 content-align-left elementor-invisible elementor-widget elementor-widget-the7-image-widget\" data-id=\"91a96d6\" data-element_type=\"widget\" data-settings=\"{&quot;_animation&quot;:&quot;slideInLeft&quot;}\" data-widget_type=\"the7-image-widget.default\">\n\t\t\t\t<div class=\"elementor-widget-container\">\n\t\t\t<div class=\"the7-image-container\"><div class=\"the7-image-wrapper the7-elementor-widget\"><div class=\"post-thumbnail-rollover layzr-bg img-css-resize-wrapper\"><img fetchpriority=\"high\" decoding=\"async\" width=\"1080\" height=\"1440\" src=\"data:image\/svg+xml,%3Csvg%20xmlns%3D&#039;http%3A%2F%2Fwww.w3.org%2F2000%2Fsvg&#039;%20viewBox%3D&#039;0%200%201080%201440&#039;%2F%3E\" class=\"attachment-full size-full preload-me aspect lazy lazy-load\" alt=\"\" sizes=\"(max-width: 1080px) 100vw, 1080px\" style=\"--ratio: 1080 \/ 1440;\" data-src=\"https:\/\/www.oceanshoes.com\/wp-content\/uploads\/2023\/07\/No.7.jpg\" loading=\"eager\" data-srcset=\"https:\/\/www.oceanshoes.com\/wp-content\/uploads\/2023\/07\/No.7.jpg 1080w, https:\/\/www.oceanshoes.com\/wp-content\/uploads\/2023\/07\/No.7-225x300.jpg 225w, https:\/\/www.oceanshoes.com\/wp-content\/uploads\/2023\/07\/No.7-768x1024.jpg 768w\" \/><span class=\"the7-hover-icon\"><\/span><\/div><\/div><\/div>\t\t<\/div>\n\t\t\t\t<\/div>\n\t\t\t\t\t<\/div>\n\t\t<\/div>\n\t\t\t\t<div class=\"elementor-column elementor-col-50 elementor-top-column elementor-element elementor-element-e524aaa\" data-id=\"e524aaa\" data-element_type=\"column\">\n\t\t\t<div class=\"elementor-widget-wrap elementor-element-populated\">\n\t\t\t\t\t\t<div class=\"elementor-element elementor-element-50837e4 elementor-widget elementor-widget-heading\" data-id=\"50837e4\" data-element_type=\"widget\" data-widget_type=\"heading.default\">\n\t\t\t\t<div class=\"elementor-widget-container\">\n\t\t\t<h6 class=\"elementor-heading-title elementor-size-default\">La nostra azienda \u00e8 stata fondata nel 1998 nella citt\u00e0 di Xiamen.<\/h6>\t\t<\/div>\n\t\t\t\t<\/div>\n\t\t\t\t<div class=\"elementor-element elementor-element-fa02129 elementor-widget elementor-widget-spacer\" data-id=\"fa02129\" data-element_type=\"widget\" data-widget_type=\"spacer.default\">\n\t\t\t\t<div class=\"elementor-widget-container\">\n\t\t\t\t\t<div class=\"elementor-spacer\">\n\t\t\t<div class=\"elementor-spacer-inner\"><\/div>\n\t\t<\/div>\n\t\t\t\t<\/div>\n\t\t\t\t<\/div>\n\t\t\t\t<div class=\"elementor-element elementor-element-de7ccee elementor-invisible elementor-widget elementor-widget-text-editor\" data-id=\"de7ccee\" data-element_type=\"widget\" data-settings=\"{&quot;_animation&quot;:&quot;fadeInDown&quot;}\" data-widget_type=\"text-editor.default\">\n\t\t\t\t<div class=\"elementor-widget-container\">\n\t\t\t\t\t\t\t<p>\u00a0 \u00a0 \u00a0\u00c8 uno dei pi\u00f9 professionali esportatori di scarpe in Cina e possiede il pi\u00f9 grande showroom (2000m<sup>2<\/sup>Nel 2025 abbiamo esportato 8 milioni di paia di scarpe ai nostri clienti in tutto il mondo.<\/p>\t\t\t\t\t\t<\/div>\n\t\t\t\t<\/div>\n\t\t\t\t<div class=\"elementor-element elementor-element-c4b123c elementor-widget elementor-widget-spacer\" data-id=\"c4b123c\" data-element_type=\"widget\" data-widget_type=\"spacer.default\">\n\t\t\t\t<div class=\"elementor-widget-container\">\n\t\t\t\t\t<div class=\"elementor-spacer\">\n\t\t\t<div class=\"elementor-spacer-inner\"><\/div>\n\t\t<\/div>\n\t\t\t\t<\/div>\n\t\t\t\t<\/div>\n\t\t\t\t<div class=\"elementor-element elementor-element-91b3011 elementor-widget elementor-widget-text-editor\" data-id=\"91b3011\" data-element_type=\"widget\" data-widget_type=\"text-editor.default\">\n\t\t\t\t<div class=\"elementor-widget-container\">\n\t\t\t\t\t\t\t<h4>Prodotti principali<\/h4>\t\t\t\t\t\t<\/div>\n\t\t\t\t<\/div>\n\t\t\t\t<div class=\"elementor-element elementor-element-577df80 elementor-invisible elementor-widget elementor-widget-text-editor\" data-id=\"577df80\" data-element_type=\"widget\" data-settings=\"{&quot;_animation&quot;:&quot;fadeInDown&quot;}\" data-widget_type=\"text-editor.default\">\n\t\t\t\t<div class=\"elementor-widget-container\">\n\t\t\t\t\t\t\t<p>\u00a0 \u00a0 \u00a0I nostri prodotti principali sono scarpe sportive casual, scarpe da trekking all'aperto, sandali e scarpe da calcio, scarpe vulcanizzate e iniezione ecc. per uomini, bambini e donne.<\/p>\t\t\t\t\t\t<\/div>\n\t\t\t\t<\/div>\n\t\t\t\t<div class=\"elementor-element elementor-element-eb1cac5 elementor-widget elementor-widget-spacer\" data-id=\"eb1cac5\" data-element_type=\"widget\" data-widget_type=\"spacer.default\">\n\t\t\t\t<div class=\"elementor-widget-container\">\n\t\t\t\t\t<div class=\"elementor-spacer\">\n\t\t\t<div class=\"elementor-spacer-inner\"><\/div>\n\t\t<\/div>\n\t\t\t\t<\/div>\n\t\t\t\t<\/div>\n\t\t\t\t<div class=\"elementor-element elementor-element-d6868cd elementor-widget elementor-widget-text-editor\" data-id=\"d6868cd\" data-element_type=\"widget\" data-widget_type=\"text-editor.default\">\n\t\t\t\t<div class=\"elementor-widget-container\">\n\t\t\t\t\t\t\t<h4>Siamo il fornitore di alcune marche famose<\/h4>\t\t\t\t\t\t<\/div>\n\t\t\t\t<\/div>\n\t\t\t\t<div class=\"elementor-element elementor-element-4ce242e elementor-invisible elementor-widget elementor-widget-text-editor\" data-id=\"4ce242e\" data-element_type=\"widget\" data-settings=\"{&quot;_animation&quot;:&quot;fadeInDown&quot;}\" data-widget_type=\"text-editor.default\">\n\t\t\t\t<div class=\"elementor-widget-container\">\n\t\t\t\t\t\t\t<p>\u00a0 \u00a0 come Benetton\/Lee cooper\/BOSS\/DKNY\/Karl Lagerfeld\/Billieblush e cos\u00ec via.<\/p>\t\t\t\t\t\t<\/div>\n\t\t\t\t<\/div>\n\t\t\t\t<div class=\"elementor-element elementor-element-fdccf4c elementor-widget elementor-widget-spacer\" data-id=\"fdccf4c\" data-element_type=\"widget\" data-widget_type=\"spacer.default\">\n\t\t\t\t<div class=\"elementor-widget-container\">\n\t\t\t\t\t<div class=\"elementor-spacer\">\n\t\t\t<div class=\"elementor-spacer-inner\"><\/div>\n\t\t<\/div>\n\t\t\t\t<\/div>\n\t\t\t\t<\/div>\n\t\t\t\t<div class=\"elementor-element elementor-element-ad1d5a3 elementor-widget elementor-widget-text-editor\" data-id=\"ad1d5a3\" data-element_type=\"widget\" data-widget_type=\"text-editor.default\">\n\t\t\t\t<div class=\"elementor-widget-container\">\n\t\t\t\t\t\t\t<h4>Servizio<\/h4>\t\t\t\t\t\t<\/div>\n\t\t\t\t<\/div>\n\t\t\t\t<div class=\"elementor-element elementor-element-8d15c3b elementor-widget elementor-widget-text-editor\" data-id=\"8d15c3b\" data-element_type=\"widget\" data-widget_type=\"text-editor.default\">\n\t\t\t\t<div class=\"elementor-widget-container\">\n\t\t\t\t\t\t\t<p>\u00a0 \u00a0 Il personale del nostro ufficio lavora sodo, in modo efficiente e positivo. Il nostro obiettivo \u00e8 quello di offrire i migliori servizi e i prodotti pi\u00f9 competitivi ai nostri clienti per creare una situazione win-win e aumentare gli affari stagione per stagione come fornitore principale. Siamo sicuri che avremo migliori e migliori supporti reciproci.<\/p>\t\t\t\t\t\t<\/div>\n\t\t\t\t<\/div>\n\t\t\t\t\t<\/div>\n\t\t<\/div>\n\t\t\t\t\t<\/div>\n\t\t<\/section>\n\t\t\t\t<section class=\"elementor-section elementor-top-section elementor-element elementor-element-6a9e6d1 elementor-section-boxed elementor-section-height-default elementor-section-height-default\" data-id=\"6a9e6d1\" data-element_type=\"section\">\n\t\t\t\t\t\t<div class=\"elementor-container elementor-column-gap-wider\">\n\t\t\t\t\t<div class=\"elementor-column elementor-col-100 elementor-top-column elementor-element elementor-element-b1dccc3\" data-id=\"b1dccc3\" data-element_type=\"column\">\n\t\t\t<div class=\"elementor-widget-wrap elementor-element-populated\">\n\t\t\t\t\t\t<div class=\"elementor-element elementor-element-3026cfd elementor-widget elementor-widget-heading\" data-id=\"3026cfd\" data-element_type=\"widget\" data-widget_type=\"heading.default\">\n\t\t\t\t<div class=\"elementor-widget-container\">\n\t\t\t<h3 class=\"elementor-heading-title elementor-size-default\">Cosa siamo in grado di fare<\/h3>\t\t<\/div>\n\t\t\t\t<\/div>\n\t\t\t\t\t<\/div>\n\t\t<\/div>\n\t\t\t\t\t<\/div>\n\t\t<\/section>\n\t\t\t\t<section class=\"elementor-section elementor-top-section elementor-element elementor-element-dfb2dfe elementor-section-boxed elementor-section-height-default elementor-section-height-default\" data-id=\"dfb2dfe\" data-element_type=\"section\">\n\t\t\t\t\t\t<div class=\"elementor-container elementor-column-gap-default\">\n\t\t\t\t\t<div class=\"elementor-column elementor-col-100 elementor-top-column elementor-element elementor-element-d093b02\" data-id=\"d093b02\" data-element_type=\"column\">\n\t\t\t<div class=\"elementor-widget-wrap elementor-element-populated\">\n\t\t\t\t\t\t<div class=\"elementor-element elementor-element-82610f1 content-align-mobile-center icon-vertical-align-mobile-center content-align-left icon-box-vertical-align-top preserve-img-ratio-cover icon-vertical-align-start elementor-widget elementor-widget-the7_image_box_grid_widget\" data-id=\"82610f1\" data-element_type=\"widget\" data-widget_type=\"the7_image_box_grid_widget.default\">\n\t\t\t\t<div class=\"elementor-widget-container\">\n\t\t\t<div class=\"the7-box-grid-wrapper the7-elementor-widget loading-effect-none the7_image_box_grid_widget-82610f1\">\t\t\t<div class=\"dt-css-grid\">\n\t\t\t\t\t\t\t\t\t<div class=\"wf-cell shown\">\n\t\t\t\t\t\t<div class=\"the7-image-box-wrapper the7-box-wrapper the7-elementor-widget\">\t\t\t\t\t\t\t<div class=\"box-content-wrapper\">\n\n\t\t\t\t\t\t\t\t\t\t\t\t\t\t\t\t\t<div class=\"elementor-image-div\">\n\t\t\t\t\t\t\t\t\t\t<a class=\"post-thumbnail-rollover layzr-bg img-css-resize-wrapper\" ><img decoding=\"async\" width=\"600\" height=\"484\" src=\"data:image\/svg+xml,%3Csvg%20xmlns%3D&#039;http%3A%2F%2Fwww.w3.org%2F2000%2Fsvg&#039;%20viewBox%3D&#039;0%200%20600%20484&#039;%2F%3E\" class=\"attachment-full size-full preload-me aspect lazy lazy-load\" alt=\"\" sizes=\"(max-width: 600px) 100vw, 600px\" style=\"--ratio: 600 \/ 484;\" data-src=\"https:\/\/www.oceanshoes.com\/wp-content\/uploads\/2023\/08\/\u8bbe\u8ba1\u5e08.jpg\" loading=\"eager\" data-srcset=\"https:\/\/www.oceanshoes.com\/wp-content\/uploads\/2023\/08\/\u8bbe\u8ba1\u5e08.jpg 600w, https:\/\/www.oceanshoes.com\/wp-content\/uploads\/2023\/08\/\u8bbe\u8ba1\u5e08-300x242.jpg 300w, https:\/\/www.oceanshoes.com\/wp-content\/uploads\/2023\/08\/\u8bbe\u8ba1\u5e08-15x12.jpg 15w\" \/><\/a>\t\t\t\t\t\t\t\t\t<\/div>\n\t\t\t\t\t\t\t\t\t\t\t\t\t\t\t\t<div class=\"box-content\">\n\t\t\t\t\t\t\t\t\t<h4 class=\"box-heading\"><a >Design<\/a><\/h4><div class=\"box-description\">Le nuove collezioni sono tutte create dai nostri designer e presentano stili unici che gli altri fornitori non hanno mai avuto. I nostri designer continuano a cercare e raccogliere le ispirazioni e i prodotti pi\u00f9 nuovi in tutto il mondo ogni stagione. Facciamo anche campioni secondo i clienti 'design e campioni<\/div>\t\t\t\t\t\t\t\t<\/div>\n\t\t\t\t\t\t\t<\/div>\n\t\t\t\t\t\t<\/div>\t\t\t\t\t<\/div>\n\t\t\t\t\t\t\t\t\t\t<div class=\"wf-cell shown\">\n\t\t\t\t\t\t<div class=\"the7-image-box-wrapper the7-box-wrapper the7-elementor-widget\">\t\t\t\t\t\t\t<div class=\"box-content-wrapper\">\n\n\t\t\t\t\t\t\t\t\t\t\t\t\t\t\t\t\t<div class=\"elementor-image-div\">\n\t\t\t\t\t\t\t\t\t\t<a class=\"post-thumbnail-rollover layzr-bg img-css-resize-wrapper\" ><img decoding=\"async\" width=\"641\" height=\"441\" src=\"data:image\/svg+xml,%3Csvg%20xmlns%3D&#039;http%3A%2F%2Fwww.w3.org%2F2000%2Fsvg&#039;%20viewBox%3D&#039;0%200%20641%20441&#039;%2F%3E\" class=\"attachment-full size-full preload-me aspect lazy lazy-load\" alt=\"\" sizes=\"(max-width: 641px) 100vw, 641px\" style=\"--ratio: 641 \/ 441;\" data-src=\"https:\/\/www.oceanshoes.com\/wp-content\/uploads\/2023\/07\/KB-1.jpg\" loading=\"eager\" data-srcset=\"https:\/\/www.oceanshoes.com\/wp-content\/uploads\/2023\/07\/KB-1.jpg 641w, https:\/\/www.oceanshoes.com\/wp-content\/uploads\/2023\/07\/KB-1-300x206.jpg 300w\" \/><\/a>\t\t\t\t\t\t\t\t\t<\/div>\n\t\t\t\t\t\t\t\t\t\t\t\t\t\t\t\t<div class=\"box-content\">\n\t\t\t\t\t\t\t\t\t<h4 class=\"box-heading\"><a >Creazione di campioni<\/a><\/h4><div class=\"box-description\">Il nostro team di ricerca e sviluppo produce pi\u00f9 di 1800 paia di campioni ogni mese. Siamo in grado di finire i campioni urgenti in tempo e anche di garantire il regolare aggiornamento dei nuovi stili nel nostro showroom.<\/div>\t\t\t\t\t\t\t\t<\/div>\n\t\t\t\t\t\t\t<\/div>\n\t\t\t\t\t\t<\/div>\t\t\t\t\t<\/div>\n\t\t\t\t\t\t\t\t\t\t<div class=\"wf-cell shown\">\n\t\t\t\t\t\t<div class=\"the7-image-box-wrapper the7-box-wrapper the7-elementor-widget\">\t\t\t\t\t\t\t<div class=\"box-content-wrapper\">\n\n\t\t\t\t\t\t\t\t\t\t\t\t\t\t\t\t\t<div class=\"elementor-image-div\">\n\t\t\t\t\t\t\t\t\t\t<a class=\"post-thumbnail-rollover layzr-bg img-css-resize-wrapper\" ><img decoding=\"async\" width=\"768\" height=\"576\" src=\"data:image\/svg+xml,%3Csvg%20xmlns%3D&#039;http%3A%2F%2Fwww.w3.org%2F2000%2Fsvg&#039;%20viewBox%3D&#039;0%200%20768%20576&#039;%2F%3E\" class=\"attachment-full size-full preload-me aspect lazy lazy-load\" alt=\"\" sizes=\"(max-width: 768px) 100vw, 768px\" style=\"--ratio: 768 \/ 576;\" data-src=\"https:\/\/www.oceanshoes.com\/wp-content\/uploads\/2023\/07\/16-2\uff08\u6574\u978b\uff09-768x576-1.jpg\" loading=\"eager\" data-srcset=\"https:\/\/www.oceanshoes.com\/wp-content\/uploads\/2023\/07\/16-2\uff08\u6574\u978b\uff09-768x576-1.jpg 768w, https:\/\/www.oceanshoes.com\/wp-content\/uploads\/2023\/07\/16-2\uff08\u6574\u978b\uff09-768x576-1-300x225.jpg 300w\" \/><\/a>\t\t\t\t\t\t\t\t\t<\/div>\n\t\t\t\t\t\t\t\t\t\t\t\t\t\t\t\t<div class=\"box-content\">\n\t\t\t\t\t\t\t\t\t<h4 class=\"box-heading\"><a >Fabbrica<\/a><\/h4><div class=\"box-description\">Collaboriamo con molte fabbriche, quindi la fabbrica pi\u00f9 adatta pu\u00f2 essere selezionata per ogni ordine per ottenere la migliore qualit\u00e0 e data di consegna. Abbiamo anche il programma di strategia a lungo termine con le nostre fabbriche.<\/div>\t\t\t\t\t\t\t\t<\/div>\n\t\t\t\t\t\t\t<\/div>\n\t\t\t\t\t\t<\/div>\t\t\t\t\t<\/div>\n\t\t\t\t\t\t\t\t\t\t<div class=\"wf-cell shown\">\n\t\t\t\t\t\t<div class=\"the7-image-box-wrapper the7-box-wrapper the7-elementor-widget\">\t\t\t\t\t\t\t<div class=\"box-content-wrapper\">\n\n\t\t\t\t\t\t\t\t\t\t\t\t\t\t\t\t\t<div class=\"elementor-image-div\">\n\t\t\t\t\t\t\t\t\t\t<a class=\"post-thumbnail-rollover layzr-bg img-css-resize-wrapper\" ><img decoding=\"async\" width=\"324\" height=\"261\" src=\"data:image\/svg+xml,%3Csvg%20xmlns%3D&#039;http%3A%2F%2Fwww.w3.org%2F2000%2Fsvg&#039;%20viewBox%3D&#039;0%200%20324%20261&#039;%2F%3E\" class=\"attachment-full size-full preload-me aspect lazy lazy-load\" alt=\"\" sizes=\"(max-width: 324px) 100vw, 324px\" style=\"--ratio: 324 \/ 261;\" data-src=\"https:\/\/www.oceanshoes.com\/wp-content\/uploads\/2023\/07\/TEST-2.jpg\" loading=\"eager\" data-srcset=\"https:\/\/www.oceanshoes.com\/wp-content\/uploads\/2023\/07\/TEST-2.jpg 324w, https:\/\/www.oceanshoes.com\/wp-content\/uploads\/2023\/07\/TEST-2-300x242.jpg 300w\" \/><\/a>\t\t\t\t\t\t\t\t\t<\/div>\n\t\t\t\t\t\t\t\t\t\t\t\t\t\t\t\t<div class=\"box-content\">\n\t\t\t\t\t\t\t\t\t<h4 class=\"box-heading\"><a >Tecnico e CQ<\/a><\/h4><div class=\"box-description\">Abbiamo forte tecnica e team QC in area diversa per garantire lo stato di produzione e quality.We garantiscono che prenderemo tutta la responsabilit\u00e0 e accettare rivendicazione per qualsiasi problema di qualit\u00e0 dopo la spedizione.\n\n<\/div>\t\t\t\t\t\t\t\t<\/div>\n\t\t\t\t\t\t\t<\/div>\n\t\t\t\t\t\t<\/div>\t\t\t\t\t<\/div>\n\t\t\t\t\t\t\t\t<\/div>\n\t\t\t<\/div>\t\t<\/div>\n\t\t\t\t<\/div>\n\t\t\t\t\t<\/div>\n\t\t<\/div>\n\t\t\t\t\t<\/div>\n\t\t<\/section>\n\t\t\t\t<section class=\"elementor-section elementor-top-section elementor-element elementor-element-36f1ae6 elementor-section-height-min-height elementor-section-items-stretch elementor-reverse-tablet elementor-reverse-mobile elementor-section-boxed elementor-section-height-default\" data-id=\"36f1ae6\" data-element_type=\"section\" data-settings=\"{&quot;background_background&quot;:&quot;gradient&quot;}\">\n\t\t\t\t\t\t\t<div class=\"elementor-background-overlay\"><\/div>\n\t\t\t\t\t\t\t<div class=\"elementor-container elementor-column-gap-wider\">\n\t\t\t\t\t<div class=\"elementor-column elementor-col-100 elementor-top-column elementor-element elementor-element-6b85b4d\" data-id=\"6b85b4d\" data-element_type=\"column\">\n\t\t\t<div class=\"elementor-widget-wrap elementor-element-populated\">\n\t\t\t\t\t\t<div class=\"elementor-element elementor-element-aa6c17e elementor-widget__width-initial elementor-widget elementor-widget-heading\" data-id=\"aa6c17e\" data-element_type=\"widget\" data-widget_type=\"heading.default\">\n\t\t\t\t<div class=\"elementor-widget-container\">\n\t\t\t<h2 class=\"elementor-heading-title elementor-size-default\">Unisciti a migliaia di imprenditori e aziende che si fidano di OCEAN!<\/h2>\t\t<\/div>\n\t\t\t\t<\/div>\n\t\t\t\t<div class=\"elementor-element elementor-element-0516578 elementor-widget elementor-widget-spacer\" data-id=\"0516578\" data-element_type=\"widget\" data-widget_type=\"spacer.default\">\n\t\t\t\t<div class=\"elementor-widget-container\">\n\t\t\t\t\t<div class=\"elementor-spacer\">\n\t\t\t<div class=\"elementor-spacer-inner\"><\/div>\n\t\t<\/div>\n\t\t\t\t<\/div>\n\t\t\t\t<\/div>\n\t\t\t\t<div class=\"elementor-element elementor-element-80badc5 elementor-widget__width-auto elementor-widget-mobile__width-inherit elementor-mobile-align-center elementor-widget elementor-widget-the7_button_widget\" data-id=\"80badc5\" data-element_type=\"widget\" data-widget_type=\"the7_button_widget.default\">\n\t\t\t\t<div class=\"elementor-widget-container\">\n\t\t\t<div class=\"elementor-button-wrapper\"><a href=\"https:\/\/www.oceanshoes.com\/it\/contatto-1\/\" class=\"box-button elementor-button elementor-size-xl\">Contattaci online<\/a><\/div>\t\t<\/div>\n\t\t\t\t<\/div>\n\t\t\t\t\t<\/div>\n\t\t<\/div>\n\t\t\t\t\t<\/div>\n\t\t<\/section>\n\t\t\t\t<\/div>","protected":false},"excerpt":{"rendered":"<p>La nostra azienda \u00e8 stata fondata nel 1998 nella citt\u00e0 di Xiamen.      \u00c8 uno dei pi\u00f9 professionali esportatori di scarpe in Cina, con il pi\u00f9 grande showroom (2000m2) nella nostra area. Abbiamo circa centosessanta dipendenti nel nostro ufficio. Esportiamo 8 milioni di paia di scarpe ai nostri clienti in tutto il mondo.<\/p>","protected":false},"author":1,"featured_media":0,"parent":0,"menu_order":21,"comment_status":"closed","ping_status":"closed","template":"elementor_header_footer","meta":{"footnotes":""},"class_list":["post-7609","page","type-page","status-publish","hentry"],"_links":{"self":[{"href":"https:\/\/www.oceanshoes.com\/it\/wp-json\/wp\/v2\/pages\/7609","targetHints":{"allow":["GET"]}}],"collection":[{"href":"https:\/\/www.oceanshoes.com\/it\/wp-json\/wp\/v2\/pages"}],"about":[{"href":"https:\/\/www.oceanshoes.com\/it\/wp-json\/wp\/v2\/types\/page"}],"author":[{"embeddable":true,"href":"https:\/\/www.oceanshoes.com\/it\/wp-json\/wp\/v2\/users\/1"}],"replies":[{"embeddable":true,"href":"https:\/\/www.oceanshoes.com\/it\/wp-json\/wp\/v2\/comments?post=7609"}],"version-history":[{"count":37,"href":"https:\/\/www.oceanshoes.com\/it\/wp-json\/wp\/v2\/pages\/7609\/revisions"}],"predecessor-version":[{"id":96231,"href":"https:\/\/www.oceanshoes.com\/it\/wp-json\/wp\/v2\/pages\/7609\/revisions\/96231"}],"wp:attachment":[{"href":"https:\/\/www.oceanshoes.com\/it\/wp-json\/wp\/v2\/media?parent=7609"}],"curies":[{"name":"wp","href":"https:\/\/api.w.org\/{rel}","templated":true}]}}