{"id":7609,"date":"2020-11-06T14:07:01","date_gmt":"2020-11-06T14:07:01","guid":{"rendered":"https:\/\/the7.io\/elementor-main\/?page_id=7609"},"modified":"2026-01-20T10:27:02","modified_gmt":"2026-01-20T02:27:02","slug":"about-1","status":"publish","type":"page","link":"https:\/\/www.oceanshoes.com\/pl\/okolo-1\/","title":{"rendered":"O"},"content":{"rendered":"<div data-elementor-type=\"wp-page\" data-elementor-id=\"7609\" class=\"elementor elementor-7609\" data-elementor-post-type=\"page\">\n\t\t\t\t\t\t<section class=\"elementor-section elementor-top-section elementor-element elementor-element-583786c elementor-reverse-tablet elementor-reverse-mobile elementor-section-height-min-height elementor-section-items-stretch elementor-section-boxed elementor-section-height-default\" data-id=\"583786c\" data-element_type=\"section\" data-settings=\"{&quot;background_background&quot;:&quot;gradient&quot;}\">\n\t\t\t\t\t\t\t<div class=\"elementor-background-overlay\"><\/div>\n\t\t\t\t\t\t\t<div class=\"elementor-container elementor-column-gap-wider\">\n\t\t\t\t\t<div class=\"elementor-column elementor-col-100 elementor-top-column elementor-element elementor-element-a969fa0\" data-id=\"a969fa0\" data-element_type=\"column\">\n\t\t\t<div class=\"elementor-widget-wrap elementor-element-populated\">\n\t\t\t\t\t\t<div class=\"elementor-element elementor-element-ab8d00b elementor-widget elementor-widget-the7-heading\" data-id=\"ab8d00b\" data-element_type=\"widget\" data-widget_type=\"the7-heading.default\">\n\t\t\t\t<div class=\"elementor-widget-container\">\n\t\t\t<h2 class=\"the7-heading-title elementor-size-default\">O nas<\/h2>\t\t<\/div>\n\t\t\t\t<\/div>\n\t\t\t\t\t<\/div>\n\t\t<\/div>\n\t\t\t\t\t<\/div>\n\t\t<\/section>\n\t\t\t\t<section class=\"elementor-section elementor-top-section elementor-element elementor-element-0627998 elementor-reverse-tablet elementor-reverse-mobile elementor-section-boxed elementor-section-height-default elementor-section-height-default\" data-id=\"0627998\" data-element_type=\"section\" data-settings=\"{&quot;background_background&quot;:&quot;classic&quot;}\">\n\t\t\t\t\t\t<div class=\"elementor-container elementor-column-gap-wider\">\n\t\t\t\t\t<div class=\"elementor-column elementor-col-50 elementor-top-column elementor-element elementor-element-24e2e60\" data-id=\"24e2e60\" data-element_type=\"column\">\n\t\t\t<div class=\"elementor-widget-wrap elementor-element-populated\">\n\t\t\t\t\t\t<div class=\"elementor-element elementor-element-91a96d6 content-align-left elementor-invisible elementor-widget elementor-widget-the7-image-widget\" data-id=\"91a96d6\" data-element_type=\"widget\" data-settings=\"{&quot;_animation&quot;:&quot;slideInLeft&quot;}\" data-widget_type=\"the7-image-widget.default\">\n\t\t\t\t<div class=\"elementor-widget-container\">\n\t\t\t<div class=\"the7-image-container\"><div class=\"the7-image-wrapper the7-elementor-widget\"><div class=\"post-thumbnail-rollover layzr-bg img-css-resize-wrapper\"><img fetchpriority=\"high\" decoding=\"async\" width=\"1080\" height=\"1440\" src=\"data:image\/svg+xml,%3Csvg%20xmlns%3D&#039;http%3A%2F%2Fwww.w3.org%2F2000%2Fsvg&#039;%20viewBox%3D&#039;0%200%201080%201440&#039;%2F%3E\" class=\"attachment-full size-full preload-me aspect lazy lazy-load\" alt=\"\" sizes=\"(max-width: 1080px) 100vw, 1080px\" style=\"--ratio: 1080 \/ 1440;\" data-src=\"https:\/\/www.oceanshoes.com\/wp-content\/uploads\/2023\/07\/No.7.jpg\" loading=\"eager\" data-srcset=\"https:\/\/www.oceanshoes.com\/wp-content\/uploads\/2023\/07\/No.7.jpg 1080w, https:\/\/www.oceanshoes.com\/wp-content\/uploads\/2023\/07\/No.7-225x300.jpg 225w, https:\/\/www.oceanshoes.com\/wp-content\/uploads\/2023\/07\/No.7-768x1024.jpg 768w\" \/><span class=\"the7-hover-icon\"><\/span><\/div><\/div><\/div>\t\t<\/div>\n\t\t\t\t<\/div>\n\t\t\t\t\t<\/div>\n\t\t<\/div>\n\t\t\t\t<div class=\"elementor-column elementor-col-50 elementor-top-column elementor-element elementor-element-e524aaa\" data-id=\"e524aaa\" data-element_type=\"column\">\n\t\t\t<div class=\"elementor-widget-wrap elementor-element-populated\">\n\t\t\t\t\t\t<div class=\"elementor-element elementor-element-50837e4 elementor-widget elementor-widget-heading\" data-id=\"50837e4\" data-element_type=\"widget\" data-widget_type=\"heading.default\">\n\t\t\t\t<div class=\"elementor-widget-container\">\n\t\t\t<h6 class=\"elementor-heading-title elementor-size-default\">Nasza firma zosta\u0142a za\u0142o\u017cona w 1998 roku w mie\u015bcie Xiamen.<\/h6>\t\t<\/div>\n\t\t\t\t<\/div>\n\t\t\t\t<div class=\"elementor-element elementor-element-fa02129 elementor-widget elementor-widget-spacer\" data-id=\"fa02129\" data-element_type=\"widget\" data-widget_type=\"spacer.default\">\n\t\t\t\t<div class=\"elementor-widget-container\">\n\t\t\t\t\t<div class=\"elementor-spacer\">\n\t\t\t<div class=\"elementor-spacer-inner\"><\/div>\n\t\t<\/div>\n\t\t\t\t<\/div>\n\t\t\t\t<\/div>\n\t\t\t\t<div class=\"elementor-element elementor-element-de7ccee elementor-invisible elementor-widget elementor-widget-text-editor\" data-id=\"de7ccee\" data-element_type=\"widget\" data-settings=\"{&quot;_animation&quot;:&quot;fadeInDown&quot;}\" data-widget_type=\"text-editor.default\">\n\t\t\t\t<div class=\"elementor-widget-container\">\n\t\t\t\t\t\t\t<p>\u00a0 \u00a0 \u00a0Jest to jeden z najbardziej profesjonalnych eksporter\u00f3w obuwia w Chinach, posiadaj\u0105cy najwi\u0119kszy salon wystawowy (2000m<sup>2<\/sup>W 2025 roku wyeksportowali\u015bmy 8 milion\u00f3w par but\u00f3w do naszych klient\u00f3w na ca\u0142ym \u015bwiecie.<\/p>\t\t\t\t\t\t<\/div>\n\t\t\t\t<\/div>\n\t\t\t\t<div class=\"elementor-element elementor-element-c4b123c elementor-widget elementor-widget-spacer\" data-id=\"c4b123c\" data-element_type=\"widget\" data-widget_type=\"spacer.default\">\n\t\t\t\t<div class=\"elementor-widget-container\">\n\t\t\t\t\t<div class=\"elementor-spacer\">\n\t\t\t<div class=\"elementor-spacer-inner\"><\/div>\n\t\t<\/div>\n\t\t\t\t<\/div>\n\t\t\t\t<\/div>\n\t\t\t\t<div class=\"elementor-element elementor-element-91b3011 elementor-widget elementor-widget-text-editor\" data-id=\"91b3011\" data-element_type=\"widget\" data-widget_type=\"text-editor.default\">\n\t\t\t\t<div class=\"elementor-widget-container\">\n\t\t\t\t\t\t\t<h4>G\u0142\u00f3wne produkty<\/h4>\t\t\t\t\t\t<\/div>\n\t\t\t\t<\/div>\n\t\t\t\t<div class=\"elementor-element elementor-element-577df80 elementor-invisible elementor-widget elementor-widget-text-editor\" data-id=\"577df80\" data-element_type=\"widget\" data-settings=\"{&quot;_animation&quot;:&quot;fadeInDown&quot;}\" data-widget_type=\"text-editor.default\">\n\t\t\t\t<div class=\"elementor-widget-container\">\n\t\t\t\t\t\t\t<p>\u00a0 \u00a0 \u00a0Naszymi g\u0142\u00f3wnymi produktami s\u0105 sportowe buty codzienne, buty turystyczne, sanda\u0142y i buty pi\u0142karskie, buty wulkanizowane i wtryskowe itp. dla m\u0119\u017cczyzn, dzieci i kobiet.<\/p>\t\t\t\t\t\t<\/div>\n\t\t\t\t<\/div>\n\t\t\t\t<div class=\"elementor-element elementor-element-eb1cac5 elementor-widget elementor-widget-spacer\" data-id=\"eb1cac5\" data-element_type=\"widget\" data-widget_type=\"spacer.default\">\n\t\t\t\t<div class=\"elementor-widget-container\">\n\t\t\t\t\t<div class=\"elementor-spacer\">\n\t\t\t<div class=\"elementor-spacer-inner\"><\/div>\n\t\t<\/div>\n\t\t\t\t<\/div>\n\t\t\t\t<\/div>\n\t\t\t\t<div class=\"elementor-element elementor-element-d6868cd elementor-widget elementor-widget-text-editor\" data-id=\"d6868cd\" data-element_type=\"widget\" data-widget_type=\"text-editor.default\">\n\t\t\t\t<div class=\"elementor-widget-container\">\n\t\t\t\t\t\t\t<h4>Jeste\u015bmy dostawc\u0105 niekt\u00f3rych znanych marek<\/h4>\t\t\t\t\t\t<\/div>\n\t\t\t\t<\/div>\n\t\t\t\t<div class=\"elementor-element elementor-element-4ce242e elementor-invisible elementor-widget elementor-widget-text-editor\" data-id=\"4ce242e\" data-element_type=\"widget\" data-settings=\"{&quot;_animation&quot;:&quot;fadeInDown&quot;}\" data-widget_type=\"text-editor.default\">\n\t\t\t\t<div class=\"elementor-widget-container\">\n\t\t\t\t\t\t\t<p>\u00a0 \u00a0 takich jak Benetton\/Lee cooper\/BOSS\/DKNY\/Karl Lagerfeld\/Billieblush i tak dalej.<\/p>\t\t\t\t\t\t<\/div>\n\t\t\t\t<\/div>\n\t\t\t\t<div class=\"elementor-element elementor-element-fdccf4c elementor-widget elementor-widget-spacer\" data-id=\"fdccf4c\" data-element_type=\"widget\" data-widget_type=\"spacer.default\">\n\t\t\t\t<div class=\"elementor-widget-container\">\n\t\t\t\t\t<div class=\"elementor-spacer\">\n\t\t\t<div class=\"elementor-spacer-inner\"><\/div>\n\t\t<\/div>\n\t\t\t\t<\/div>\n\t\t\t\t<\/div>\n\t\t\t\t<div class=\"elementor-element elementor-element-ad1d5a3 elementor-widget elementor-widget-text-editor\" data-id=\"ad1d5a3\" data-element_type=\"widget\" data-widget_type=\"text-editor.default\">\n\t\t\t\t<div class=\"elementor-widget-container\">\n\t\t\t\t\t\t\t<h4>Us\u0142uga<\/h4>\t\t\t\t\t\t<\/div>\n\t\t\t\t<\/div>\n\t\t\t\t<div class=\"elementor-element elementor-element-8d15c3b elementor-widget elementor-widget-text-editor\" data-id=\"8d15c3b\" data-element_type=\"widget\" data-widget_type=\"text-editor.default\">\n\t\t\t\t<div class=\"elementor-widget-container\">\n\t\t\t\t\t\t\t<p>\u00a0 \u00a0 Pracownicy naszego biura pracuj\u0105 ci\u0119\u017cko, wydajnie i pozytywnie. Naszym celem jest oferowanie naszym klientom najlepszych us\u0142ug i najbardziej konkurencyjnych produkt\u00f3w, aby stworzy\u0107 sytuacj\u0119 Win-win i zwi\u0119kszy\u0107 sezon biznesowy jako g\u0142\u00f3wny dostawca. Jeste\u015bmy pewni, \u017ce b\u0119dziemy mieli coraz lepsze wzajemne wsparcie.<\/p>\t\t\t\t\t\t<\/div>\n\t\t\t\t<\/div>\n\t\t\t\t\t<\/div>\n\t\t<\/div>\n\t\t\t\t\t<\/div>\n\t\t<\/section>\n\t\t\t\t<section class=\"elementor-section elementor-top-section elementor-element elementor-element-6a9e6d1 elementor-section-boxed elementor-section-height-default elementor-section-height-default\" data-id=\"6a9e6d1\" data-element_type=\"section\">\n\t\t\t\t\t\t<div class=\"elementor-container elementor-column-gap-wider\">\n\t\t\t\t\t<div class=\"elementor-column elementor-col-100 elementor-top-column elementor-element elementor-element-b1dccc3\" data-id=\"b1dccc3\" data-element_type=\"column\">\n\t\t\t<div class=\"elementor-widget-wrap elementor-element-populated\">\n\t\t\t\t\t\t<div class=\"elementor-element elementor-element-3026cfd elementor-widget elementor-widget-heading\" data-id=\"3026cfd\" data-element_type=\"widget\" data-widget_type=\"heading.default\">\n\t\t\t\t<div class=\"elementor-widget-container\">\n\t\t\t<h3 class=\"elementor-heading-title elementor-size-default\">W czym jeste\u015bmy dobrzy<\/h3>\t\t<\/div>\n\t\t\t\t<\/div>\n\t\t\t\t\t<\/div>\n\t\t<\/div>\n\t\t\t\t\t<\/div>\n\t\t<\/section>\n\t\t\t\t<section class=\"elementor-section elementor-top-section elementor-element elementor-element-dfb2dfe elementor-section-boxed elementor-section-height-default elementor-section-height-default\" data-id=\"dfb2dfe\" data-element_type=\"section\">\n\t\t\t\t\t\t<div class=\"elementor-container elementor-column-gap-default\">\n\t\t\t\t\t<div class=\"elementor-column elementor-col-100 elementor-top-column elementor-element elementor-element-d093b02\" data-id=\"d093b02\" data-element_type=\"column\">\n\t\t\t<div class=\"elementor-widget-wrap elementor-element-populated\">\n\t\t\t\t\t\t<div class=\"elementor-element elementor-element-82610f1 content-align-mobile-center icon-vertical-align-mobile-center content-align-left icon-box-vertical-align-top preserve-img-ratio-cover icon-vertical-align-start elementor-widget elementor-widget-the7_image_box_grid_widget\" data-id=\"82610f1\" data-element_type=\"widget\" data-widget_type=\"the7_image_box_grid_widget.default\">\n\t\t\t\t<div class=\"elementor-widget-container\">\n\t\t\t<div class=\"the7-box-grid-wrapper the7-elementor-widget loading-effect-none the7_image_box_grid_widget-82610f1\">\t\t\t<div class=\"dt-css-grid\">\n\t\t\t\t\t\t\t\t\t<div class=\"wf-cell shown\">\n\t\t\t\t\t\t<div class=\"the7-image-box-wrapper the7-box-wrapper the7-elementor-widget\">\t\t\t\t\t\t\t<div class=\"box-content-wrapper\">\n\n\t\t\t\t\t\t\t\t\t\t\t\t\t\t\t\t\t<div class=\"elementor-image-div\">\n\t\t\t\t\t\t\t\t\t\t<a class=\"post-thumbnail-rollover layzr-bg img-css-resize-wrapper\" ><img decoding=\"async\" width=\"600\" height=\"484\" src=\"data:image\/svg+xml,%3Csvg%20xmlns%3D&#039;http%3A%2F%2Fwww.w3.org%2F2000%2Fsvg&#039;%20viewBox%3D&#039;0%200%20600%20484&#039;%2F%3E\" class=\"attachment-full size-full preload-me aspect lazy lazy-load\" alt=\"\" sizes=\"(max-width: 600px) 100vw, 600px\" style=\"--ratio: 600 \/ 484;\" data-src=\"https:\/\/www.oceanshoes.com\/wp-content\/uploads\/2023\/08\/\u8bbe\u8ba1\u5e08.jpg\" loading=\"eager\" data-srcset=\"https:\/\/www.oceanshoes.com\/wp-content\/uploads\/2023\/08\/\u8bbe\u8ba1\u5e08.jpg 600w, https:\/\/www.oceanshoes.com\/wp-content\/uploads\/2023\/08\/\u8bbe\u8ba1\u5e08-300x242.jpg 300w, https:\/\/www.oceanshoes.com\/wp-content\/uploads\/2023\/08\/\u8bbe\u8ba1\u5e08-15x12.jpg 15w\" \/><\/a>\t\t\t\t\t\t\t\t\t<\/div>\n\t\t\t\t\t\t\t\t\t\t\t\t\t\t\t\t<div class=\"box-content\">\n\t\t\t\t\t\t\t\t\t<h4 class=\"box-heading\"><a >Projekt<\/a><\/h4><div class=\"box-description\">Nowe kolekcje s\u0105 tworzone przez naszych w\u0142asnych projektant\u00f3w, a wszystkie s\u0105 unikalnymi stylami, kt\u00f3rych inni dostawcy nigdy nie maj\u0105. Nasi projektanci co sezon poszukuj\u0105 i zbieraj\u0105 inspiracje i najnowsze produkty na ca\u0142ym \u015bwiecie. Wykonujemy r\u00f3wnie\u017c pr\u00f3bki zgodnie z projektem i pr\u00f3bkami klient\u00f3w<\/div>\t\t\t\t\t\t\t\t<\/div>\n\t\t\t\t\t\t\t<\/div>\n\t\t\t\t\t\t<\/div>\t\t\t\t\t<\/div>\n\t\t\t\t\t\t\t\t\t\t<div class=\"wf-cell shown\">\n\t\t\t\t\t\t<div class=\"the7-image-box-wrapper the7-box-wrapper the7-elementor-widget\">\t\t\t\t\t\t\t<div class=\"box-content-wrapper\">\n\n\t\t\t\t\t\t\t\t\t\t\t\t\t\t\t\t\t<div class=\"elementor-image-div\">\n\t\t\t\t\t\t\t\t\t\t<a class=\"post-thumbnail-rollover layzr-bg img-css-resize-wrapper\" ><img decoding=\"async\" width=\"641\" height=\"441\" src=\"data:image\/svg+xml,%3Csvg%20xmlns%3D&#039;http%3A%2F%2Fwww.w3.org%2F2000%2Fsvg&#039;%20viewBox%3D&#039;0%200%20641%20441&#039;%2F%3E\" class=\"attachment-full size-full preload-me aspect lazy lazy-load\" alt=\"\" sizes=\"(max-width: 641px) 100vw, 641px\" style=\"--ratio: 641 \/ 441;\" data-src=\"https:\/\/www.oceanshoes.com\/wp-content\/uploads\/2023\/07\/KB-1.jpg\" loading=\"eager\" data-srcset=\"https:\/\/www.oceanshoes.com\/wp-content\/uploads\/2023\/07\/KB-1.jpg 641w, https:\/\/www.oceanshoes.com\/wp-content\/uploads\/2023\/07\/KB-1-300x206.jpg 300w\" \/><\/a>\t\t\t\t\t\t\t\t\t<\/div>\n\t\t\t\t\t\t\t\t\t\t\t\t\t\t\t\t<div class=\"box-content\">\n\t\t\t\t\t\t\t\t\t<h4 class=\"box-heading\"><a >Tworzenie pr\u00f3bek<\/a><\/h4><div class=\"box-description\">Nasz zesp\u00f3\u0142 badawczo-rozwojowy produkuje ponad 1800 par pr\u00f3bek ka\u017cdego miesi\u0105ca, jeste\u015bmy w stanie uko\u0144czy\u0107 pilne pr\u00f3bki na czas, a tak\u017ce zapewni\u0107 regularn\u0105 aktualizacj\u0119 nowych styl\u00f3w w naszym salonie.<\/div>\t\t\t\t\t\t\t\t<\/div>\n\t\t\t\t\t\t\t<\/div>\n\t\t\t\t\t\t<\/div>\t\t\t\t\t<\/div>\n\t\t\t\t\t\t\t\t\t\t<div class=\"wf-cell shown\">\n\t\t\t\t\t\t<div class=\"the7-image-box-wrapper the7-box-wrapper the7-elementor-widget\">\t\t\t\t\t\t\t<div class=\"box-content-wrapper\">\n\n\t\t\t\t\t\t\t\t\t\t\t\t\t\t\t\t\t<div class=\"elementor-image-div\">\n\t\t\t\t\t\t\t\t\t\t<a class=\"post-thumbnail-rollover layzr-bg img-css-resize-wrapper\" ><img decoding=\"async\" width=\"768\" height=\"576\" src=\"data:image\/svg+xml,%3Csvg%20xmlns%3D&#039;http%3A%2F%2Fwww.w3.org%2F2000%2Fsvg&#039;%20viewBox%3D&#039;0%200%20768%20576&#039;%2F%3E\" class=\"attachment-full size-full preload-me aspect lazy lazy-load\" alt=\"\" sizes=\"(max-width: 768px) 100vw, 768px\" style=\"--ratio: 768 \/ 576;\" data-src=\"https:\/\/www.oceanshoes.com\/wp-content\/uploads\/2023\/07\/16-2\uff08\u6574\u978b\uff09-768x576-1.jpg\" loading=\"eager\" data-srcset=\"https:\/\/www.oceanshoes.com\/wp-content\/uploads\/2023\/07\/16-2\uff08\u6574\u978b\uff09-768x576-1.jpg 768w, https:\/\/www.oceanshoes.com\/wp-content\/uploads\/2023\/07\/16-2\uff08\u6574\u978b\uff09-768x576-1-300x225.jpg 300w\" \/><\/a>\t\t\t\t\t\t\t\t\t<\/div>\n\t\t\t\t\t\t\t\t\t\t\t\t\t\t\t\t<div class=\"box-content\">\n\t\t\t\t\t\t\t\t\t<h4 class=\"box-heading\"><a >Fabryka<\/a><\/h4><div class=\"box-description\">Wsp\u00f3\u0142pracujemy z wieloma fabrykami, dzi\u0119ki czemu dla ka\u017cdego zam\u00f3wienia mo\u017cna wybra\u0107 najbardziej odpowiedni\u0105 fabryk\u0119, aby osi\u0105gn\u0105\u0107 najlepsz\u0105 jako\u015b\u0107 i termin dostawy. mamy r\u00f3wnie\u017c d\u0142ugoterminowy program strategiczny z naszymi fabrykami<\/div>\t\t\t\t\t\t\t\t<\/div>\n\t\t\t\t\t\t\t<\/div>\n\t\t\t\t\t\t<\/div>\t\t\t\t\t<\/div>\n\t\t\t\t\t\t\t\t\t\t<div class=\"wf-cell shown\">\n\t\t\t\t\t\t<div class=\"the7-image-box-wrapper the7-box-wrapper the7-elementor-widget\">\t\t\t\t\t\t\t<div class=\"box-content-wrapper\">\n\n\t\t\t\t\t\t\t\t\t\t\t\t\t\t\t\t\t<div class=\"elementor-image-div\">\n\t\t\t\t\t\t\t\t\t\t<a class=\"post-thumbnail-rollover layzr-bg img-css-resize-wrapper\" ><img decoding=\"async\" width=\"324\" height=\"261\" src=\"data:image\/svg+xml,%3Csvg%20xmlns%3D&#039;http%3A%2F%2Fwww.w3.org%2F2000%2Fsvg&#039;%20viewBox%3D&#039;0%200%20324%20261&#039;%2F%3E\" class=\"attachment-full size-full preload-me aspect lazy lazy-load\" alt=\"\" sizes=\"(max-width: 324px) 100vw, 324px\" style=\"--ratio: 324 \/ 261;\" data-src=\"https:\/\/www.oceanshoes.com\/wp-content\/uploads\/2023\/07\/TEST-2.jpg\" loading=\"eager\" data-srcset=\"https:\/\/www.oceanshoes.com\/wp-content\/uploads\/2023\/07\/TEST-2.jpg 324w, https:\/\/www.oceanshoes.com\/wp-content\/uploads\/2023\/07\/TEST-2-300x242.jpg 300w\" \/><\/a>\t\t\t\t\t\t\t\t\t<\/div>\n\t\t\t\t\t\t\t\t\t\t\t\t\t\t\t\t<div class=\"box-content\">\n\t\t\t\t\t\t\t\t\t<h4 class=\"box-heading\"><a >Technik i kontrola jako\u015bci<\/a><\/h4><div class=\"box-description\">Mamy siln\u0105 technik\u0119 i zesp\u00f3\u0142 QC w r\u00f3\u017cnych obszarach, aby zapewni\u0107 stan produkcji i jako\u015b\u0107. Gwarantujemy, \u017ce we\u017amiemy na siebie ca\u0142\u0105 odpowiedzialno\u015b\u0107 i zaakceptujemy roszczenia dotycz\u0105ce wszelkich problem\u00f3w jako\u015bciowych po wysy\u0142ce.\n\n<\/div>\t\t\t\t\t\t\t\t<\/div>\n\t\t\t\t\t\t\t<\/div>\n\t\t\t\t\t\t<\/div>\t\t\t\t\t<\/div>\n\t\t\t\t\t\t\t\t<\/div>\n\t\t\t<\/div>\t\t<\/div>\n\t\t\t\t<\/div>\n\t\t\t\t\t<\/div>\n\t\t<\/div>\n\t\t\t\t\t<\/div>\n\t\t<\/section>\n\t\t\t\t<section class=\"elementor-section elementor-top-section elementor-element elementor-element-36f1ae6 elementor-section-height-min-height elementor-section-items-stretch elementor-reverse-tablet elementor-reverse-mobile elementor-section-boxed elementor-section-height-default\" data-id=\"36f1ae6\" data-element_type=\"section\" data-settings=\"{&quot;background_background&quot;:&quot;gradient&quot;}\">\n\t\t\t\t\t\t\t<div class=\"elementor-background-overlay\"><\/div>\n\t\t\t\t\t\t\t<div class=\"elementor-container elementor-column-gap-wider\">\n\t\t\t\t\t<div class=\"elementor-column elementor-col-100 elementor-top-column elementor-element elementor-element-6b85b4d\" data-id=\"6b85b4d\" data-element_type=\"column\">\n\t\t\t<div class=\"elementor-widget-wrap elementor-element-populated\">\n\t\t\t\t\t\t<div class=\"elementor-element elementor-element-aa6c17e elementor-widget__width-initial elementor-widget elementor-widget-heading\" data-id=\"aa6c17e\" data-element_type=\"widget\" data-widget_type=\"heading.default\">\n\t\t\t\t<div class=\"elementor-widget-container\">\n\t\t\t<h2 class=\"elementor-heading-title elementor-size-default\">Do\u0142\u0105cz do tysi\u0119cy w\u0142a\u015bcicieli firm, kt\u00f3rzy zaufali OCEAN!<\/h2>\t\t<\/div>\n\t\t\t\t<\/div>\n\t\t\t\t<div class=\"elementor-element elementor-element-0516578 elementor-widget elementor-widget-spacer\" data-id=\"0516578\" data-element_type=\"widget\" data-widget_type=\"spacer.default\">\n\t\t\t\t<div class=\"elementor-widget-container\">\n\t\t\t\t\t<div class=\"elementor-spacer\">\n\t\t\t<div class=\"elementor-spacer-inner\"><\/div>\n\t\t<\/div>\n\t\t\t\t<\/div>\n\t\t\t\t<\/div>\n\t\t\t\t<div class=\"elementor-element elementor-element-80badc5 elementor-widget__width-auto elementor-widget-mobile__width-inherit elementor-mobile-align-center elementor-widget elementor-widget-the7_button_widget\" data-id=\"80badc5\" data-element_type=\"widget\" data-widget_type=\"the7_button_widget.default\">\n\t\t\t\t<div class=\"elementor-widget-container\">\n\t\t\t<div class=\"elementor-button-wrapper\"><a href=\"https:\/\/www.oceanshoes.com\/pl\/kontakt-1\/\" class=\"box-button elementor-button elementor-size-xl\">Skontaktuj si\u0119 z nami online<\/a><\/div>\t\t<\/div>\n\t\t\t\t<\/div>\n\t\t\t\t\t<\/div>\n\t\t<\/div>\n\t\t\t\t\t<\/div>\n\t\t<\/section>\n\t\t\t\t<\/div>","protected":false},"excerpt":{"rendered":"<p>O nas Nasza firma zosta\u0142a za\u0142o\u017cona w 1998 roku w mie\u015bcie Xiamen.      Jest to jeden z najbardziej profesjonalnych eksporter\u00f3w obuwia w Chinach, posiadaj\u0105cy najwi\u0119kszy salon wystawowy (2000m2) w naszej okolicy. Mamy oko\u0142o stu sze\u015b\u0107dziesi\u0119ciu pracownik\u00f3w w naszym biurze. 8 milion\u00f3w par but\u00f3w eksportujemy do naszych klient\u00f3w na ca\u0142ym \u015bwiecie....<\/p>","protected":false},"author":1,"featured_media":0,"parent":0,"menu_order":21,"comment_status":"closed","ping_status":"closed","template":"elementor_header_footer","meta":{"footnotes":""},"class_list":["post-7609","page","type-page","status-publish","hentry"],"_links":{"self":[{"href":"https:\/\/www.oceanshoes.com\/pl\/wp-json\/wp\/v2\/pages\/7609","targetHints":{"allow":["GET"]}}],"collection":[{"href":"https:\/\/www.oceanshoes.com\/pl\/wp-json\/wp\/v2\/pages"}],"about":[{"href":"https:\/\/www.oceanshoes.com\/pl\/wp-json\/wp\/v2\/types\/page"}],"author":[{"embeddable":true,"href":"https:\/\/www.oceanshoes.com\/pl\/wp-json\/wp\/v2\/users\/1"}],"replies":[{"embeddable":true,"href":"https:\/\/www.oceanshoes.com\/pl\/wp-json\/wp\/v2\/comments?post=7609"}],"version-history":[{"count":37,"href":"https:\/\/www.oceanshoes.com\/pl\/wp-json\/wp\/v2\/pages\/7609\/revisions"}],"predecessor-version":[{"id":96231,"href":"https:\/\/www.oceanshoes.com\/pl\/wp-json\/wp\/v2\/pages\/7609\/revisions\/96231"}],"wp:attachment":[{"href":"https:\/\/www.oceanshoes.com\/pl\/wp-json\/wp\/v2\/media?parent=7609"}],"curies":[{"name":"wp","href":"https:\/\/api.w.org\/{rel}","templated":true}]}}